{"id":11432,"date":"2023-10-18T16:45:43","date_gmt":"2023-10-18T15:45:43","guid":{"rendered":"https:\/\/barcelona.matersalvatoris.org\/politica-rrss\/"},"modified":"2023-10-18T17:48:33","modified_gmt":"2023-10-18T16:48:33","slug":"politica-rrss","status":"publish","type":"page","link":"https:\/\/barcelona.matersalvatoris.org\/ca\/politica-rrss\/","title":{"rendered":"Pol\u00edtica RRSS"},"content":{"rendered":"<p>[et_pb_section fb_built=&#8221;1&#8243; _builder_version=&#8221;4.22.2&#8243; _module_preset=&#8221;c3571faf-1673-4b9f-bf46-f8250e9a3f6a&#8221; da_disable_devices=&#8221;off|off|off&#8221; global_colors_info=&#8221;{}&#8221; da_is_popup=&#8221;off&#8221; da_exit_intent=&#8221;off&#8221; da_has_close=&#8221;on&#8221; da_alt_close=&#8221;off&#8221; da_dark_close=&#8221;off&#8221; da_not_modal=&#8221;on&#8221; da_is_singular=&#8221;off&#8221; da_with_loader=&#8221;off&#8221; da_has_shadow=&#8221;on&#8221;][et_pb_row column_structure=&#8221;1_4,3_4&#8243; _builder_version=&#8221;4.22.2&#8243; _module_preset=&#8221;0b5ba106-5785-489f-ba7b-9fa41143096f&#8221; global_colors_info=&#8221;{}&#8221;][et_pb_column type=&#8221;1_4&#8243; _builder_version=&#8221;4.22.2&#8243; _module_preset=&#8221;824ebbaf-e3b5-4405-acb8-3b2fd9286d17&#8243; global_colors_info=&#8221;{}&#8221;][et_pb_text _builder_version=&#8221;4.22.2&#8243; _dynamic_attributes=&#8221;content&#8221; _module_preset=&#8221;ecb607dd-d36f-4b0d-a6f8-239bd01a7812&#8243; global_colors_info=&#8221;{}&#8221;]@ET-DC@eyJkeW5hbWljIjp0cnVlLCJjb250ZW50IjoicG9zdF90aXRsZSIsInNldHRpbmdzIjp7ImJlZm9yZSI6IiIsImFmdGVyIjoiIn19@[\/et_pb_text][\/et_pb_column][et_pb_column type=&#8221;3_4&#8243; _builder_version=&#8221;4.22.2&#8243; _module_preset=&#8221;fec2c85f-4b95-4256-bb6d-4b28d4ff7161&#8243; global_colors_info=&#8221;{}&#8221;][et_pb_text _builder_version=&#8221;4.22.2&#8243; _module_preset=&#8221;20504ce9-00fc-4f70-97e5-cb8f521d8155&#8243; hover_enabled=&#8221;0&#8243; global_colors_info=&#8221;{}&#8221; sticky_enabled=&#8221;0&#8243;]<\/p>\n<p class=\"has-text-align-center\"><strong>POL\u00cdTICA DE PRIVADESA XARXES SOCIALS<\/strong><\/p>\n<p><strong>1. INFORMACI\u00d3 A L&#8217;USUARI<\/strong><\/p>\n<p><strong>Qui \u00e9s el responsable del tractament de les vostres dades personals?<\/strong><\/p>\n<p>COL\u00b7LEGI MAJOR MATER SALVATORIS, d&#8217;ara endavant,  <strong>RESPONSABLE<\/strong>, informa a l&#8217; <strong>USUARI <\/strong>que ha procedit a crear un perfil a les Xarxes Socials Facebook, Instagram, Youtube i Vimeo, que \u00e9s el responsable del tractament de les dades personals de l&#8217;usuari que es dugui a terme en aquestes xarxes socials i us informa que aquestes dades seran tractades de conformitat amb el que disposa el Reglament (UE) 2016\/679, de 27 d&#8217;abril (GDPR), i la Llei Org\u00e0nica 3\/2018, de 5 de desembre (LOPDGDD), per la qual cosa se li facilita la informaci\u00f3 seg\u00fcent del tractament:<\/p>\n<p><strong>Per qu\u00e8 tractem les vostres dades personals?<\/strong><\/p>\n<p><strong>Fi del tractament<\/strong>: mantenir una relaci\u00f3 entre l&#8217;USUARI i el RESPONSABLE que pot incloure les operacions seg\u00fcents:<\/p>\n<ul>\n<li>Tramitar sol\u00b7licituds i consultes plantejades al responsable<\/li>\n<li>Informar sobre activitats i esdeveniments organitzats pel responsable<\/li>\n<li>Informar sobre productes o serveis oferts pel responsable.<\/li>\n<li>Interactuar a trav\u00e9s dels perfils oficials.<\/li>\n<\/ul>\n<p><strong>Per quin motiu podem tractar les vostres dades personals?<\/strong> <\/p>\n<p>Base jur\u00eddica del tractament: article 6.1.a GDPR, l&#8217;interessat ha donat el seu consentiment per al tractament de les seves dades personals per a un o diversos fins espec\u00edfics. L&#8217;USUARI disposa d&#8217;un perfil a la mateixa xarxa social i ha decidit unir-se a la xarxa social del RESPONSABLE mostrant aix\u00ed inter\u00e8s en la informaci\u00f3 que s&#8217;hi publiqui, per tant, en el moment de sol\u00b7licitar seguir els nostres perfils oficials, ens facilita la seva consentiment per al tractament d&#8217;aquelles dades personals publicades al perfil.<\/p>\n<p>L&#8217;USUARI pot accedir en tot moment a les pol\u00edtiques de privadesa de la pr\u00f2pia xarxa social, aix\u00ed com configurar el seu perfil per garantir-ne la privadesa.<\/p>\n<p>El RESPONSABLE hi t\u00e9 acc\u00e9s i tracta aquella informaci\u00f3 p\u00fablica de l&#8217;USUARI, en especial, el nom de contacte. Aquestes dades nom\u00e9s s\u00f3n utilitzades dins de la pr\u00f2pia xarxa social i \u00fanicament s&#8217;incorporaran a un fitxer del RESPONSABLE quan sigui necessari per tramitar la petici\u00f3 de l&#8217;USUARI.<br \/>\n<strong>Durant quant de temps guardarem les vostres dades personals?<\/strong><\/p>\n<p><strong>Criteris de conservaci\u00f3 de les dades<\/strong>: es conservaran mentre l&#8217;USUARI no revoqui el consentiment prestat tal com s&#8217;indica en aquesta pol\u00edtica de privadesa.<\/p>\n<p><strong>A qui facilitem les vostres dades personals?<\/strong><\/p>\n<p>Comunicaci\u00f3 de les dades: la informaci\u00f3 facilitada per l&#8217;USUARI a trav\u00e9s de les xarxes socials del RESPONSABLE, incloses les dades personals, pot ser publicada, sempre en funci\u00f3 dels serveis que l&#8217;USUARI utilitzi, per la qual cosa podr\u00e0 quedar a disposici\u00f3 p\u00fablica d&#8217;altres tercers usuaris de les xarxes socials. Des del perfil de cada xarxa social, l&#8217;USUARI pot configurar quina informaci\u00f3 vol fer p\u00fablica en cada cas, veure els permisos que s&#8217;han concedit, eliminar-los o desactivar-los, com qualsevol aplicaci\u00f3 d&#8217;un tercer que ja no es vol utilitzar.<\/p>\n<p>No est\u00e0 prevista cap comunicaci\u00f3 de dades personals a tercers fora de la xarxa social excepte, si fos imprescindible per al desenvolupament i execuci\u00f3 de les finalitats del tractament, als nostres prove\u00efdors de serveis relacionats amb comunicacions, amb els quals el RESPONSABLE t\u00e9 subscrits els contractes de confidencialitat i encarregat de tractament exigits per la normativa vigent de privadesa.<\/p>\n<p><strong>Quins s\u00f3n els teus drets?<\/strong><\/p>\n<p><strong>Drets que assisteixen a l&#8217;USUARI<\/strong>: nom\u00e9s es podran satisfer en relaci\u00f3 amb aquella informaci\u00f3 que estigui sota el control del RESPONSABLE.<\/p>\n<ul>\n<li>Dret a retirar el consentiment en qualsevol moment.<\/li>\n<li>Dret d&#8217;acc\u00e9s, rectificaci\u00f3, portabilitat i supressi\u00f3 de les vostres dades, i de limitaci\u00f3 o oposici\u00f3 al vostre tractament.<\/li>\n<li>Dret a presentar una reclamaci\u00f3 davant de l&#8217;autoritat de control (www.aepd.es) si considera que el tractament no s&#8217;ajusta a la normativa vigent.<\/li>\n<\/ul>\n<p><strong>Dades de contacte per exercir els vostres drets<\/strong>:<\/p>\n<p>COL\u00b7LEGI MAJOR MATER SALVATORIS. Carrer de l\u2019Emancipaci\u00f3 33. 08022 Barcelona.<\/p>\n<p>E-mail: protecciondedades@matersalvatoris.org<\/p>\n<p><strong>2. UTILITZACI\u00d3 DEL PERFIL<\/strong><\/p>\n<p>El RESPONSABLE realitzar\u00e0 les actuacions seg\u00fcents:<\/p>\n<p>\u2013 Acc\u00e9s a la informaci\u00f3 p\u00fablica del perfil.<br \/>\n\u2013 Publicaci\u00f3 al perfil de l&#8217;USUARI de tota aquella informaci\u00f3 ja publicada a la xarxa social del RESPONSABLE.<br \/>\n\u2013 Enviar missatges personals i individuals a trav\u00e9s dels canals de la xarxa social.<br \/>\n\u2013 Actualitzacions de l&#8217;estat de la p\u00e0gina que es publicaran al perfil de l&#8217;USUARI.<\/p>\n<p>L&#8217;USUARI sempre pot controlar les connexions, eliminar els continguts que deixin d&#8217;interessar-li i restringir amb qui comparteix les connexions; per a aix\u00f2 haureu d&#8217;accedir a la vostra configuraci\u00f3 de privadesa.<\/p>\n<p><strong>3. PUBLICACIONS<\/strong><\/p>\n<p>L&#8217;USUARI, un cop sigui seguidor o s&#8217;hagi unit a la xarxa social del RESPONSABLE, podr\u00e0 publicar en aquests comentaris, enlla\u00e7os, imatges, fotografies o qualsevol altre tipus de contingut multim\u00e8dia suportat per aquesta. L&#8217;USUARI, en tots els casos, ha de ser el titular del contingut publicat, gaudir dels drets d&#8217;autor i de propietat intel\u00b7lectual o comptar amb el consentiment dels tercers afectats.<\/p>\n<p>Es prohibeix expressament qualsevol publicaci\u00f3 a la xarxa social, ja siguin textos, gr\u00e0fics, fotografies, v\u00eddeos, etc. que atemptin o siguin susceptibles d&#8217;atemptar contra la moral, l&#8217;\u00e8tica, el bon gust o el dec\u00f2rum, i\/o que infringeixin, violin o trenquin els drets de propietat intel\u00b7lectual o industrial, el dret a la imatge o la Llei.<\/p>\n<p>En aquests casos, el RESPONSABLE es reserva el dret de retirar immediatament el contingut, sense comunicaci\u00f3 pr\u00e8via, podent sol\u00b7licitar el bloqueig permanent de l&#8217;USUARI.<\/p>\n<p>El RESPONSABLE no es far\u00e0 responsable dels continguts que lliurement ha publicat un USUARI.<\/p>\n<p>L&#8217;USUARI ha de tenir present que les seves publicacions seran conegudes per altres usuaris, per la qual cosa ell mateix \u00e9s el principal responsable de la seva privadesa.<\/p>\n<p>Les imatges que puguin publicar-se a la xarxa social no seran emmagatzemades en cap fitxer per part del RESPONSABLE, per\u00f2 s\u00ed que romandran a la xarxa social.<\/p>\n<p><strong>4. DADES DE MENORS D&#8217;EDAT O PERSONES AMB CAPACITATS ESPECIALS<\/strong><\/p>\n<p>L&#8217;acc\u00e9s i el registre a trav\u00e9s de les xarxes socials del RESPONSABLE est\u00e0 prohibit a menors de 18 anys. Per la seva banda, si l&#8217;USUARI t\u00e9 capacitats especials, cal la intervenci\u00f3 del titular de la seva p\u00e0tria potestat o tutela, o del seu representant legal mitjan\u00e7ant document v\u00e0lid que acrediti la representaci\u00f3.<\/p>\n<p>El RESPONSABLE queda exonerat expressament de qualsevol responsabilitat que es pugui derivar de l&#8217;\u00fas de les xarxes socials per part de menors o persones amb capacitats especials. Les xarxes socials del RESPONSABLE no recullen conscientment cap informaci\u00f3 personal de menors d&#8217;edat, per aix\u00f2, si l&#8217;USUARI \u00e9s menor, no s&#8217;ha de registrar ni utilitzar les xarxes socials del RESPONSABLE ni tampoc proporcionar cap informaci\u00f3 personal.<\/p>\n<p>[\/et_pb_text][\/et_pb_column][\/et_pb_row][\/et_pb_section]<\/p>\n","protected":false},"excerpt":{"rendered":"<p>POL\u00cdTICA DE PRIVADESA XARXES SOCIALS 1. INFORMACI\u00d3 A L&#8217;USUARI Qui \u00e9s el responsable del tractament de les vostres dades personals? COL\u00b7LEGI MAJOR MATER SALVATORIS, d&#8217;ara endavant, RESPONSABLE, informa a l&#8217; [&hellip;]<\/p>\n","protected":false},"author":1,"featured_media":0,"parent":0,"menu_order":0,"comment_status":"closed","ping_status":"closed","template":"","meta":{"_et_pb_use_builder":"on","_et_pb_old_content":"","_et_gb_content_width":"","footnotes":""},"class_list":["post-11432","page","type-page","status-publish","hentry"],"yoast_head":"<!-- This site is optimized with the Yoast SEO plugin v26.7 - https:\/\/yoast.com\/wordpress\/plugins\/seo\/ -->\n<title>Pol\u00edtica RRSS - Mater Salvatoris Barcelona<\/title>\n<meta name=\"robots\" content=\"index, follow, max-snippet:-1, max-image-preview:large, max-video-preview:-1\" \/>\n<link rel=\"canonical\" href=\"https:\/\/barcelona.matersalvatoris.org\/ca\/politica-rrss\/\" \/>\n<meta property=\"og:locale\" content=\"ca_ES\" \/>\n<meta property=\"og:type\" content=\"article\" \/>\n<meta property=\"og:title\" content=\"Pol\u00edtica RRSS - Mater Salvatoris Barcelona\" \/>\n<meta property=\"og:description\" content=\"POL\u00cdTICA DE PRIVADESA XARXES SOCIALS 1. INFORMACI\u00d3 A L&#039;USUARI Qui \u00e9s el responsable del tractament de les vostres dades personals? COL\u00b7LEGI MAJOR MATER SALVATORIS, d&#039;ara endavant, RESPONSABLE, informa a l&#039; [&hellip;]\" \/>\n<meta property=\"og:url\" content=\"https:\/\/barcelona.matersalvatoris.org\/ca\/politica-rrss\/\" \/>\n<meta property=\"og:site_name\" content=\"Mater Salvatoris Barcelona\" \/>\n<meta property=\"article:publisher\" content=\"https:\/\/www.facebook.com\/CMUMaterSalvatorisBarcelona\" \/>\n<meta property=\"article:modified_time\" content=\"2023-10-18T16:48:33+00:00\" \/>\n<meta name=\"twitter:card\" content=\"summary_large_image\" \/>\n<script type=\"application\/ld+json\" class=\"yoast-schema-graph\">{\"@context\":\"https:\/\/schema.org\",\"@graph\":[{\"@type\":\"WebPage\",\"@id\":\"https:\/\/barcelona.matersalvatoris.org\/ca\/politica-rrss\/\",\"url\":\"https:\/\/barcelona.matersalvatoris.org\/ca\/politica-rrss\/\",\"name\":\"Pol\u00edtica RRSS - Mater Salvatoris Barcelona\",\"isPartOf\":{\"@id\":\"https:\/\/barcelona.matersalvatoris.org\/ca\/#website\"},\"datePublished\":\"2023-10-18T15:45:43+00:00\",\"dateModified\":\"2023-10-18T16:48:33+00:00\",\"inLanguage\":\"ca\",\"potentialAction\":[{\"@type\":\"ReadAction\",\"target\":[\"https:\/\/barcelona.matersalvatoris.org\/ca\/politica-rrss\/\"]}]},{\"@type\":\"WebSite\",\"@id\":\"https:\/\/barcelona.matersalvatoris.org\/ca\/#website\",\"url\":\"https:\/\/barcelona.matersalvatoris.org\/ca\/\",\"name\":\"Residencia Universitaria Colegio Mayor Mater Salvatoris\",\"description\":\"Residencia Universitaria Colegio Mayor Mater Salvatoris\",\"publisher\":{\"@id\":\"https:\/\/barcelona.matersalvatoris.org\/ca\/#organization\"},\"potentialAction\":[{\"@type\":\"SearchAction\",\"target\":{\"@type\":\"EntryPoint\",\"urlTemplate\":\"https:\/\/barcelona.matersalvatoris.org\/ca\/?s={search_term_string}\"},\"query-input\":{\"@type\":\"PropertyValueSpecification\",\"valueRequired\":true,\"valueName\":\"search_term_string\"}}],\"inLanguage\":\"ca\"},{\"@type\":\"Organization\",\"@id\":\"https:\/\/barcelona.matersalvatoris.org\/ca\/#organization\",\"name\":\"Residencia Universitaria Colegio Mayor Mater Salvatoris\",\"url\":\"https:\/\/barcelona.matersalvatoris.org\/ca\/\",\"logo\":{\"@type\":\"ImageObject\",\"inLanguage\":\"ca\",\"@id\":\"https:\/\/barcelona.matersalvatoris.org\/ca\/#\/schema\/logo\/image\/\",\"url\":\"https:\/\/barcelona.matersalvatoris.org\/wp-content\/uploads\/2023\/10\/icono-barcelona.png\",\"contentUrl\":\"https:\/\/barcelona.matersalvatoris.org\/wp-content\/uploads\/2023\/10\/icono-barcelona.png\",\"width\":512,\"height\":512,\"caption\":\"Residencia Universitaria Colegio Mayor Mater Salvatoris\"},\"image\":{\"@id\":\"https:\/\/barcelona.matersalvatoris.org\/ca\/#\/schema\/logo\/image\/\"},\"sameAs\":[\"https:\/\/www.facebook.com\/CMUMaterSalvatorisBarcelona\",\"https:\/\/www.instagram.com\/mater_cmu\/\"]}]}<\/script>\n<!-- \/ Yoast SEO plugin. -->","yoast_head_json":{"title":"Pol\u00edtica RRSS - Mater Salvatoris Barcelona","robots":{"index":"index","follow":"follow","max-snippet":"max-snippet:-1","max-image-preview":"max-image-preview:large","max-video-preview":"max-video-preview:-1"},"canonical":"https:\/\/barcelona.matersalvatoris.org\/ca\/politica-rrss\/","og_locale":"ca_ES","og_type":"article","og_title":"Pol\u00edtica RRSS - Mater Salvatoris Barcelona","og_description":"POL\u00cdTICA DE PRIVADESA XARXES SOCIALS 1. INFORMACI\u00d3 A L'USUARI Qui \u00e9s el responsable del tractament de les vostres dades personals? COL\u00b7LEGI MAJOR MATER SALVATORIS, d'ara endavant, RESPONSABLE, informa a l' [&hellip;]","og_url":"https:\/\/barcelona.matersalvatoris.org\/ca\/politica-rrss\/","og_site_name":"Mater Salvatoris Barcelona","article_publisher":"https:\/\/www.facebook.com\/CMUMaterSalvatorisBarcelona","article_modified_time":"2023-10-18T16:48:33+00:00","twitter_card":"summary_large_image","schema":{"@context":"https:\/\/schema.org","@graph":[{"@type":"WebPage","@id":"https:\/\/barcelona.matersalvatoris.org\/ca\/politica-rrss\/","url":"https:\/\/barcelona.matersalvatoris.org\/ca\/politica-rrss\/","name":"Pol\u00edtica RRSS - Mater Salvatoris Barcelona","isPartOf":{"@id":"https:\/\/barcelona.matersalvatoris.org\/ca\/#website"},"datePublished":"2023-10-18T15:45:43+00:00","dateModified":"2023-10-18T16:48:33+00:00","inLanguage":"ca","potentialAction":[{"@type":"ReadAction","target":["https:\/\/barcelona.matersalvatoris.org\/ca\/politica-rrss\/"]}]},{"@type":"WebSite","@id":"https:\/\/barcelona.matersalvatoris.org\/ca\/#website","url":"https:\/\/barcelona.matersalvatoris.org\/ca\/","name":"Residencia Universitaria Colegio Mayor Mater Salvatoris","description":"Residencia Universitaria Colegio Mayor Mater Salvatoris","publisher":{"@id":"https:\/\/barcelona.matersalvatoris.org\/ca\/#organization"},"potentialAction":[{"@type":"SearchAction","target":{"@type":"EntryPoint","urlTemplate":"https:\/\/barcelona.matersalvatoris.org\/ca\/?s={search_term_string}"},"query-input":{"@type":"PropertyValueSpecification","valueRequired":true,"valueName":"search_term_string"}}],"inLanguage":"ca"},{"@type":"Organization","@id":"https:\/\/barcelona.matersalvatoris.org\/ca\/#organization","name":"Residencia Universitaria Colegio Mayor Mater Salvatoris","url":"https:\/\/barcelona.matersalvatoris.org\/ca\/","logo":{"@type":"ImageObject","inLanguage":"ca","@id":"https:\/\/barcelona.matersalvatoris.org\/ca\/#\/schema\/logo\/image\/","url":"https:\/\/barcelona.matersalvatoris.org\/wp-content\/uploads\/2023\/10\/icono-barcelona.png","contentUrl":"https:\/\/barcelona.matersalvatoris.org\/wp-content\/uploads\/2023\/10\/icono-barcelona.png","width":512,"height":512,"caption":"Residencia Universitaria Colegio Mayor Mater Salvatoris"},"image":{"@id":"https:\/\/barcelona.matersalvatoris.org\/ca\/#\/schema\/logo\/image\/"},"sameAs":["https:\/\/www.facebook.com\/CMUMaterSalvatorisBarcelona","https:\/\/www.instagram.com\/mater_cmu\/"]}]}},"_links":{"self":[{"href":"https:\/\/barcelona.matersalvatoris.org\/ca\/wp-json\/wp\/v2\/pages\/11432","targetHints":{"allow":["GET"]}}],"collection":[{"href":"https:\/\/barcelona.matersalvatoris.org\/ca\/wp-json\/wp\/v2\/pages"}],"about":[{"href":"https:\/\/barcelona.matersalvatoris.org\/ca\/wp-json\/wp\/v2\/types\/page"}],"author":[{"embeddable":true,"href":"https:\/\/barcelona.matersalvatoris.org\/ca\/wp-json\/wp\/v2\/users\/1"}],"replies":[{"embeddable":true,"href":"https:\/\/barcelona.matersalvatoris.org\/ca\/wp-json\/wp\/v2\/comments?post=11432"}],"version-history":[{"count":5,"href":"https:\/\/barcelona.matersalvatoris.org\/ca\/wp-json\/wp\/v2\/pages\/11432\/revisions"}],"predecessor-version":[{"id":11476,"href":"https:\/\/barcelona.matersalvatoris.org\/ca\/wp-json\/wp\/v2\/pages\/11432\/revisions\/11476"}],"wp:attachment":[{"href":"https:\/\/barcelona.matersalvatoris.org\/ca\/wp-json\/wp\/v2\/media?parent=11432"}],"curies":[{"name":"wp","href":"https:\/\/api.w.org\/{rel}","templated":true}]}}