{"id":11401,"date":"2023-10-18T16:34:10","date_gmt":"2023-10-18T15:34:10","guid":{"rendered":"https:\/\/barcelona.matersalvatoris.org\/politica-de-privacidad\/"},"modified":"2023-10-18T16:36:40","modified_gmt":"2023-10-18T15:36:40","slug":"politica-de-privacitat","status":"publish","type":"page","link":"https:\/\/barcelona.matersalvatoris.org\/ca\/politica-de-privacitat\/","title":{"rendered":"Pol\u00edtica de privacitat"},"content":{"rendered":"<p>[et_pb_section fb_built=&#8221;1&#8243; _builder_version=&#8221;4.22.2&#8243; _module_preset=&#8221;c3571faf-1673-4b9f-bf46-f8250e9a3f6a&#8221; da_disable_devices=&#8221;off|off|off&#8221; global_colors_info=&#8221;{}&#8221; theme_builder_area=&#8221;post_content&#8221; da_is_popup=&#8221;off&#8221; da_exit_intent=&#8221;off&#8221; da_has_close=&#8221;on&#8221; da_alt_close=&#8221;off&#8221; da_dark_close=&#8221;off&#8221; da_not_modal=&#8221;on&#8221; da_is_singular=&#8221;off&#8221; da_with_loader=&#8221;off&#8221; da_has_shadow=&#8221;on&#8221;][et_pb_row column_structure=&#8221;1_4,3_4&#8243; _builder_version=&#8221;4.22.2&#8243; _module_preset=&#8221;0b5ba106-5785-489f-ba7b-9fa41143096f&#8221; global_colors_info=&#8221;{}&#8221; theme_builder_area=&#8221;post_content&#8221;][et_pb_column type=&#8221;1_4&#8243; _builder_version=&#8221;4.22.2&#8243; _module_preset=&#8221;824ebbaf-e3b5-4405-acb8-3b2fd9286d17&#8243; global_colors_info=&#8221;{}&#8221; theme_builder_area=&#8221;post_content&#8221;][et_pb_text _builder_version=&#8221;4.22.2&#8243; _dynamic_attributes=&#8221;content&#8221; _module_preset=&#8221;ecb607dd-d36f-4b0d-a6f8-239bd01a7812&#8243; global_colors_info=&#8221;{}&#8221; theme_builder_area=&#8221;post_content&#8221;]@ET-DC@eyJkeW5hbWljIjp0cnVlLCJjb250ZW50IjoicG9zdF90aXRsZSIsInNldHRpbmdzIjp7ImJlZm9yZSI6IiIsImFmdGVyIjoiIn19@[\/et_pb_text][\/et_pb_column][et_pb_column type=&#8221;3_4&#8243; _builder_version=&#8221;4.22.2&#8243; _module_preset=&#8221;fec2c85f-4b95-4256-bb6d-4b28d4ff7161&#8243; global_colors_info=&#8221;{}&#8221; theme_builder_area=&#8221;post_content&#8221;][et_pb_text _builder_version=&#8221;4.22.2&#8243; _module_preset=&#8221;20504ce9-00fc-4f70-97e5-cb8f521d8155&#8243; global_colors_info=&#8221;{}&#8221; theme_builder_area=&#8221;post_content&#8221;]<\/p>\n<p><strong>POL\u00cdTICA DE PRIVACITAT I PROTECCI\u00d3 DE DADES<\/strong><\/p>\n<p>En compliment del principi de transpar\u00e8ncia i deure d\u2019informaci\u00f3 establert per la normativa comunit\u00e0ria i nacional en mat\u00e8ria de protecci\u00f3 de dades, el<span>\u00a0<\/span><strong>COL\u00b7LEGI MAJOR MATER SALVATORIS<span>\u00a0<\/span><\/strong>procedeix a informar als<span>\u00a0<\/span><strong>USUARIS<\/strong><span>\u00a0<\/span>d\u2019aquest lloc web, sobre les circumst\u00e0ncies i condicions del tractament de les seves dades, aix\u00ed com dels drets que l\u2019assisteixen a cada interessat.<\/p>\n<p><strong>Qui \u00e9s el responsable del tractament de les seves dades?<\/strong><\/p>\n<p><strong>Identitat:<\/strong><span>\u00a0<\/span>COL\u00b7LEGI Major Mater Salvatoris<\/p>\n<p><strong>Adre\u00e7a Postal:<\/strong><span>\u00a0<\/span>Carrer de l\u2019Emancipaci\u00f3, 33, 08022 Barcelona.<\/p>\n<p><strong>Tel\u00e8fon:\u00a0<\/strong>93 \u2013 212 69 00<\/p>\n<p><strong>Correu electr\u00f2nic:<\/strong>\u00a0<a href=\"mailto:barcelona.cmu@matersalvatoris.org\">barcelona.cmu@matersalvatoris.org<\/a><\/p>\n<p><strong>Delegat de Protecci\u00f3 de Dades:<\/strong><span>\u00a0<\/span><a href=\"mailto:protecciondedatos@matersalvatoris.org\">protecciondedatos@matersalvatoris.org<\/a><\/p>\n<p><strong>Amb quina finalitat tractem les seves dades personals?<\/strong><\/p>\n<p>Al<strong><span>\u00a0<\/span>COL\u00b7LEGI MAJOR MATER SALVATORIS<span>\u00a0<\/span><\/strong>tractem les dades personals dels interessats per les seg\u00fcents finalitats:<\/p>\n<ul>\n<li>Prestaci\u00f3 d\u2019allotjament i gesti\u00f3 de la relaci\u00f3 amb els alumnes, els seus pares, tutors o representants legals.<\/li>\n<li>Gestionar la relaci\u00f3 laboral amb els nostres treballadors.<\/li>\n<li>Gestionar les vacants laborals dels nostres centres i la relaci\u00f3 amb els candidats.<\/li>\n<li>Manteniment i gesti\u00f3 de la relaci\u00f3 comercial amb els nostres prove\u00efdors de productes i serveis.<\/li>\n<li>Garantir la seguretat de les persones, b\u00e9ns i instal\u00b7lacions.<\/li>\n<li>Respondre les consultes que realitzen els usuaris a trav\u00e9s del formulari de contacte de la nostra p\u00e0gina web.<\/li>\n<\/ul>\n<p><strong>Per quant de temps conservem les seves dades?<\/strong><\/p>\n<p>Les dades personals es conservaran durant el temps necessari per complir amb la finalitat per a la qual es van demanar i per determinar les possibles responsabilitats que es puguin derivar d\u2019aquesta finalitat i del tractament de les dades. Si \u00e9s el cas, es conservaran les dades personals mentre no se sol\u00b7liciti la seva supressi\u00f3.<\/p>\n<p><strong>Quina categoria de dades recaptem?<\/strong><\/p>\n<p>En relaci\u00f3 amb els alumnes, la normativa vigent legitima els centres educatius a demanar dades de car\u00e0cter personal per a la funci\u00f3 docent i orientadora dels mateix en refer\u00e8ncia a l\u2019origen i ambient familiar i social, les caracter\u00edstiques o condicions personals, el desenvolupament i resultats de escolaritzaci\u00f3, i les circumst\u00e0ncies el coneixement sigui necessari per educar i orientar els alumnes.<\/p>\n<p>D\u2019altra banda, prenent a consideraci\u00f3 les finalitats esmentades en els aportats anteriors, s\u00f3n objecte de tractament pel Centre les seg\u00fcents categories de dades, segons correspongui a cada un dels interessats:<\/p>\n<ul>\n<li><strong>Dades de car\u00e0cter identificatiu:<\/strong><span>\u00a0<\/span>Nom i cognom, adre\u00e7a (postal i electr\u00f2nica), document d\u2019identitat i imatge.<\/li>\n<li><strong>Altres dades personals:<\/strong><span>\u00a0<\/span>Data i lloc de naixement, edat, sexe i nacionalitat.<\/li>\n<li><strong>Dades acad\u00e8miques:<\/strong><span>\u00a0<\/span>Formaci\u00f3 i titulacions.<\/li>\n<li><strong>Dades de fam\u00edlia.<\/strong><\/li>\n<li><strong>Dades de Salut<\/strong>, si \u00e9s el cas.<\/li>\n<li><strong>Dades Professionals:<\/strong><span>\u00a0<\/span>Experi\u00e8ncia Professional, pertinen\u00e7a a col\u00b7legis i de cadenes de professionals.<\/li>\n<li><strong>Dades Banc\u00e0ries.<\/strong><\/li>\n<li><strong>Dades d\u2019informaci\u00f3 comercial:<\/strong><span>\u00a0<\/span>Activitats, negocis i llic\u00e8ncies comercials.<\/li>\n<\/ul>\n<p><strong>Quina \u00e9s la legitimaci\u00f3 per al tractament de les seves dades?<\/strong><\/p>\n<p>La base legal per al tractament de les seves dades personals estar\u00e0 relacionada amb la finalitat per a la qual les dades van ser recollides. En aquest sentit, el tractament de les seves dades personals estar\u00e0 legitimat per alguna de les seg\u00fcents condicions:<\/p>\n<ul>\n<li>L\u2019execuci\u00f3 del contracte de prestaci\u00f3 de doc\u00e8ncia.<\/li>\n<li>L\u2019execuci\u00f3 del contracte de prestaci\u00f3 de serveis.<\/li>\n<li>El compliment d\u2019una obligaci\u00f3 legal.<\/li>\n<li>L\u2019inter\u00e8s vital dels interessats.<\/li>\n<li>El compliment d\u2019una missi\u00f3 realitzada en inter\u00e8s p\u00fablic.<\/li>\n<li>El consentiment atorgat mitjan\u00e7ant una clara acci\u00f3 afirmativa per part de l\u2019interessat.<\/li>\n<\/ul>\n<p><strong>A qu\u00e8 destinataris es comunicaran les seves dades?<\/strong><\/p>\n<p>Amb car\u00e0cter general no es comunicaran les dades personals a tercers, excepte obligaci\u00f3 legal.<\/p>\n<p><strong>Quins s\u00f3n els seus drets quan ens facilita les seves dades?<\/strong><\/p>\n<p>Qualsevol persona t\u00e9 dret a obtenir confirmaci\u00f3 sobre si en el<span>\u00a0<\/span><strong>COL\u00b7LEGI MAJOR MATER SALVATORIS<span>\u00a0<\/span><\/strong>estem tractant dades personals que els concerneixin.<\/p>\n<p>Les persones interessades tenen dret a accedir a les seves dades personals, aix\u00ed com a sol\u00b7licitar la rectificaci\u00f3 de les dades inexactes o, si escau, sol\u00b7licitar la seva supressi\u00f3 quan, entre d\u2019altres motius, les dades ja no siguin necessaris per als fins que van ser recollides. En aquests casos, el<span>\u00a0<\/span><strong>COL\u00b7LEGI MAJOR MATER SALVATORIS<span>\u00a0<\/span><\/strong>ho comunicar\u00e0 a cada un dels destinataris als quals s\u2019hagin comunicat les seves dades personals.<\/p>\n<p>En determinades circumst\u00e0ncies, els interessats podran sol\u00b7licitar la limitaci\u00f3 del tractament de les seves dades, en aquest cas, \u00fanicament els conservarem per a l\u2019exercici o la defensa de possibles reclamacions.<\/p>\n<p>En determinades circumst\u00e0ncies, i per motius relacionats amb la seva situaci\u00f3 particular, els interessats podran oposar-se al tractament de les seves dades. El<span>\u00a0<\/span><strong>COL\u00b7LEGI MAJOR MATER SALVATORIS<span>\u00a0<\/span><\/strong>deixar\u00e0 de tractar les dades, excepte motius leg\u00edtims imperiosos o l\u2019exercici de defensa de possibles reclamacions.<\/p>\n<p>Els interessats tenen dret a rebre les dades personals que li incumbeixin, que hagin facilitat al<span>\u00a0<\/span><strong>COL\u00b7LEGI MAJOR MATER SALVATORIS<\/strong>, en un format estructurat, d\u2019\u00fas com\u00fa i lectura mec\u00e0nica.<\/p>\n<p>Per a l\u2019exercici dels drets esmentats en els apartats anteriors, els usuaris poden dirigir una comunicaci\u00f3 per escrit al domicili social del<span>\u00a0<\/span><strong>COL\u00b7LEGI MAJOR MATER SALVATORIS<span>\u00a0<\/span><\/strong>oa les adreces de correu electr\u00f2nic<span>\u00a0<\/span><a href=\"mailto:protecciondedatos@matersalvatoris.org\">protecciondedatos@matersalvatoris.org<\/a><span>\u00a0<\/span>o<span>\u00a0<\/span><a href=\"mailto:dpo@adhocasesoreslegales.com\">dpo@adhocasesoreslegales.com<\/a>, incloent en ambd\u00f3s casos fotoc\u00f2pia del seu DNI o un altre document identificatiu similar.<\/p>\n<p>Tamb\u00e9 l\u2019informem seu dret a presentar una reclamaci\u00f3 davant l\u2019autoritat competent, si considera que en el tractament de les seves dades no s\u2019estan respectant els seus drets.<\/p>\n<p><strong>\u00a0 Quines mesures de seguretat tenim implantades?<\/strong><\/p>\n<p>El<span>\u00a0<\/span><strong>COL\u00b7LEGI MAJOR MATER SALVATORIS<span>\u00a0<\/span><\/strong>l\u2019informa que t\u00e9 implantades les mesures de seguretat d\u2019\u00edndole t\u00e8cnica i organitzatives necess\u00e0ries per garantir la seguretat de les seves dades de car\u00e0cter personal i evitar la seva alteraci\u00f3, p\u00e8rdua i tractament o acc\u00e9s no autoritzat.<\/p>\n<p>Aix\u00ed mateix, el<span>\u00a0<\/span><strong>COL\u00b7LEGI MAJOR MATER SALVATORIS<span>\u00a0<\/span><\/strong>ha establert mesures per refor\u00e7ar la confidencialitat i integritat de la informaci\u00f3 en la seva organitzaci\u00f3. Mantenint cont\u00ednuament la supervisi\u00f3, control i avaluaci\u00f3 dels processos per assegurar el respecte a la privacitat de les dades.<\/p>\n<ul><\/ul>\n<p>[\/et_pb_text][\/et_pb_column][\/et_pb_row][\/et_pb_section]<\/p>\n","protected":false},"excerpt":{"rendered":"<p>POL\u00cdTICA DE PRIVACITAT I PROTECCI\u00d3 DE DADES En compliment del principi de transpar\u00e8ncia i deure d\u2019informaci\u00f3 establert per la normativa comunit\u00e0ria i nacional en mat\u00e8ria de protecci\u00f3 de dades, el\u00a0COL\u00b7LEGI [&hellip;]<\/p>\n","protected":false},"author":1,"featured_media":0,"parent":0,"menu_order":0,"comment_status":"closed","ping_status":"closed","template":"","meta":{"_et_pb_use_builder":"on","_et_pb_old_content":"","_et_gb_content_width":"","footnotes":""},"class_list":["post-11401","page","type-page","status-publish","hentry"],"yoast_head":"<!-- This site is optimized with the Yoast SEO plugin v26.7 - https:\/\/yoast.com\/wordpress\/plugins\/seo\/ -->\n<title>Pol\u00edtica de privacitat - Mater Salvatoris Barcelona<\/title>\n<meta name=\"robots\" content=\"index, follow, max-snippet:-1, max-image-preview:large, max-video-preview:-1\" \/>\n<link rel=\"canonical\" href=\"https:\/\/barcelona.matersalvatoris.org\/ca\/politica-de-privacitat\/\" \/>\n<meta property=\"og:locale\" content=\"ca_ES\" \/>\n<meta property=\"og:type\" content=\"article\" \/>\n<meta property=\"og:title\" content=\"Pol\u00edtica de privacitat - Mater Salvatoris Barcelona\" \/>\n<meta property=\"og:description\" content=\"POL\u00cdTICA DE PRIVACITAT I PROTECCI\u00d3 DE DADES En compliment del principi de transpar\u00e8ncia i deure d\u2019informaci\u00f3 establert per la normativa comunit\u00e0ria i nacional en mat\u00e8ria de protecci\u00f3 de dades, el\u00a0COL\u00b7LEGI [&hellip;]\" \/>\n<meta property=\"og:url\" content=\"https:\/\/barcelona.matersalvatoris.org\/ca\/politica-de-privacitat\/\" \/>\n<meta property=\"og:site_name\" content=\"Mater Salvatoris Barcelona\" \/>\n<meta property=\"article:publisher\" content=\"https:\/\/www.facebook.com\/CMUMaterSalvatorisBarcelona\" \/>\n<meta property=\"article:modified_time\" content=\"2023-10-18T15:36:40+00:00\" \/>\n<meta name=\"twitter:card\" content=\"summary_large_image\" \/>\n<script type=\"application\/ld+json\" class=\"yoast-schema-graph\">{\"@context\":\"https:\/\/schema.org\",\"@graph\":[{\"@type\":\"WebPage\",\"@id\":\"https:\/\/barcelona.matersalvatoris.org\/ca\/politica-de-privacitat\/\",\"url\":\"https:\/\/barcelona.matersalvatoris.org\/ca\/politica-de-privacitat\/\",\"name\":\"Pol\u00edtica de privacitat - Mater Salvatoris Barcelona\",\"isPartOf\":{\"@id\":\"https:\/\/barcelona.matersalvatoris.org\/ca\/#website\"},\"datePublished\":\"2023-10-18T15:34:10+00:00\",\"dateModified\":\"2023-10-18T15:36:40+00:00\",\"inLanguage\":\"ca\",\"potentialAction\":[{\"@type\":\"ReadAction\",\"target\":[\"https:\/\/barcelona.matersalvatoris.org\/ca\/politica-de-privacitat\/\"]}]},{\"@type\":\"WebSite\",\"@id\":\"https:\/\/barcelona.matersalvatoris.org\/ca\/#website\",\"url\":\"https:\/\/barcelona.matersalvatoris.org\/ca\/\",\"name\":\"Residencia Universitaria Colegio Mayor Mater Salvatoris\",\"description\":\"Residencia Universitaria Colegio Mayor Mater Salvatoris\",\"publisher\":{\"@id\":\"https:\/\/barcelona.matersalvatoris.org\/ca\/#organization\"},\"potentialAction\":[{\"@type\":\"SearchAction\",\"target\":{\"@type\":\"EntryPoint\",\"urlTemplate\":\"https:\/\/barcelona.matersalvatoris.org\/ca\/?s={search_term_string}\"},\"query-input\":{\"@type\":\"PropertyValueSpecification\",\"valueRequired\":true,\"valueName\":\"search_term_string\"}}],\"inLanguage\":\"ca\"},{\"@type\":\"Organization\",\"@id\":\"https:\/\/barcelona.matersalvatoris.org\/ca\/#organization\",\"name\":\"Residencia Universitaria Colegio Mayor Mater Salvatoris\",\"url\":\"https:\/\/barcelona.matersalvatoris.org\/ca\/\",\"logo\":{\"@type\":\"ImageObject\",\"inLanguage\":\"ca\",\"@id\":\"https:\/\/barcelona.matersalvatoris.org\/ca\/#\/schema\/logo\/image\/\",\"url\":\"https:\/\/barcelona.matersalvatoris.org\/wp-content\/uploads\/2023\/10\/icono-barcelona.png\",\"contentUrl\":\"https:\/\/barcelona.matersalvatoris.org\/wp-content\/uploads\/2023\/10\/icono-barcelona.png\",\"width\":512,\"height\":512,\"caption\":\"Residencia Universitaria Colegio Mayor Mater Salvatoris\"},\"image\":{\"@id\":\"https:\/\/barcelona.matersalvatoris.org\/ca\/#\/schema\/logo\/image\/\"},\"sameAs\":[\"https:\/\/www.facebook.com\/CMUMaterSalvatorisBarcelona\",\"https:\/\/www.instagram.com\/mater_cmu\/\"]}]}<\/script>\n<!-- \/ Yoast SEO plugin. -->","yoast_head_json":{"title":"Pol\u00edtica de privacitat - Mater Salvatoris Barcelona","robots":{"index":"index","follow":"follow","max-snippet":"max-snippet:-1","max-image-preview":"max-image-preview:large","max-video-preview":"max-video-preview:-1"},"canonical":"https:\/\/barcelona.matersalvatoris.org\/ca\/politica-de-privacitat\/","og_locale":"ca_ES","og_type":"article","og_title":"Pol\u00edtica de privacitat - Mater Salvatoris Barcelona","og_description":"POL\u00cdTICA DE PRIVACITAT I PROTECCI\u00d3 DE DADES En compliment del principi de transpar\u00e8ncia i deure d\u2019informaci\u00f3 establert per la normativa comunit\u00e0ria i nacional en mat\u00e8ria de protecci\u00f3 de dades, el\u00a0COL\u00b7LEGI [&hellip;]","og_url":"https:\/\/barcelona.matersalvatoris.org\/ca\/politica-de-privacitat\/","og_site_name":"Mater Salvatoris Barcelona","article_publisher":"https:\/\/www.facebook.com\/CMUMaterSalvatorisBarcelona","article_modified_time":"2023-10-18T15:36:40+00:00","twitter_card":"summary_large_image","schema":{"@context":"https:\/\/schema.org","@graph":[{"@type":"WebPage","@id":"https:\/\/barcelona.matersalvatoris.org\/ca\/politica-de-privacitat\/","url":"https:\/\/barcelona.matersalvatoris.org\/ca\/politica-de-privacitat\/","name":"Pol\u00edtica de privacitat - Mater Salvatoris Barcelona","isPartOf":{"@id":"https:\/\/barcelona.matersalvatoris.org\/ca\/#website"},"datePublished":"2023-10-18T15:34:10+00:00","dateModified":"2023-10-18T15:36:40+00:00","inLanguage":"ca","potentialAction":[{"@type":"ReadAction","target":["https:\/\/barcelona.matersalvatoris.org\/ca\/politica-de-privacitat\/"]}]},{"@type":"WebSite","@id":"https:\/\/barcelona.matersalvatoris.org\/ca\/#website","url":"https:\/\/barcelona.matersalvatoris.org\/ca\/","name":"Residencia Universitaria Colegio Mayor Mater Salvatoris","description":"Residencia Universitaria Colegio Mayor Mater Salvatoris","publisher":{"@id":"https:\/\/barcelona.matersalvatoris.org\/ca\/#organization"},"potentialAction":[{"@type":"SearchAction","target":{"@type":"EntryPoint","urlTemplate":"https:\/\/barcelona.matersalvatoris.org\/ca\/?s={search_term_string}"},"query-input":{"@type":"PropertyValueSpecification","valueRequired":true,"valueName":"search_term_string"}}],"inLanguage":"ca"},{"@type":"Organization","@id":"https:\/\/barcelona.matersalvatoris.org\/ca\/#organization","name":"Residencia Universitaria Colegio Mayor Mater Salvatoris","url":"https:\/\/barcelona.matersalvatoris.org\/ca\/","logo":{"@type":"ImageObject","inLanguage":"ca","@id":"https:\/\/barcelona.matersalvatoris.org\/ca\/#\/schema\/logo\/image\/","url":"https:\/\/barcelona.matersalvatoris.org\/wp-content\/uploads\/2023\/10\/icono-barcelona.png","contentUrl":"https:\/\/barcelona.matersalvatoris.org\/wp-content\/uploads\/2023\/10\/icono-barcelona.png","width":512,"height":512,"caption":"Residencia Universitaria Colegio Mayor Mater Salvatoris"},"image":{"@id":"https:\/\/barcelona.matersalvatoris.org\/ca\/#\/schema\/logo\/image\/"},"sameAs":["https:\/\/www.facebook.com\/CMUMaterSalvatorisBarcelona","https:\/\/www.instagram.com\/mater_cmu\/"]}]}},"_links":{"self":[{"href":"https:\/\/barcelona.matersalvatoris.org\/ca\/wp-json\/wp\/v2\/pages\/11401","targetHints":{"allow":["GET"]}}],"collection":[{"href":"https:\/\/barcelona.matersalvatoris.org\/ca\/wp-json\/wp\/v2\/pages"}],"about":[{"href":"https:\/\/barcelona.matersalvatoris.org\/ca\/wp-json\/wp\/v2\/types\/page"}],"author":[{"embeddable":true,"href":"https:\/\/barcelona.matersalvatoris.org\/ca\/wp-json\/wp\/v2\/users\/1"}],"replies":[{"embeddable":true,"href":"https:\/\/barcelona.matersalvatoris.org\/ca\/wp-json\/wp\/v2\/comments?post=11401"}],"version-history":[{"count":3,"href":"https:\/\/barcelona.matersalvatoris.org\/ca\/wp-json\/wp\/v2\/pages\/11401\/revisions"}],"predecessor-version":[{"id":11409,"href":"https:\/\/barcelona.matersalvatoris.org\/ca\/wp-json\/wp\/v2\/pages\/11401\/revisions\/11409"}],"wp:attachment":[{"href":"https:\/\/barcelona.matersalvatoris.org\/ca\/wp-json\/wp\/v2\/media?parent=11401"}],"curies":[{"name":"wp","href":"https:\/\/api.w.org\/{rel}","templated":true}]}}