{"id":11386,"date":"2023-10-18T16:26:33","date_gmt":"2023-10-18T15:26:33","guid":{"rendered":"https:\/\/barcelona.matersalvatoris.org\/aviso-legal\/"},"modified":"2023-10-18T17:24:24","modified_gmt":"2023-10-18T16:24:24","slug":"avis-legal","status":"publish","type":"page","link":"https:\/\/barcelona.matersalvatoris.org\/ca\/avis-legal\/","title":{"rendered":"Av\u00eds legal"},"content":{"rendered":"<p>[et_pb_section fb_built=&#8221;1&#8243; _builder_version=&#8221;4.22.2&#8243; _module_preset=&#8221;c3571faf-1673-4b9f-bf46-f8250e9a3f6a&#8221; da_disable_devices=&#8221;off|off|off&#8221; global_colors_info=&#8221;{}&#8221; da_is_popup=&#8221;off&#8221; da_exit_intent=&#8221;off&#8221; da_has_close=&#8221;on&#8221; da_alt_close=&#8221;off&#8221; da_dark_close=&#8221;off&#8221; da_not_modal=&#8221;on&#8221; da_is_singular=&#8221;off&#8221; da_with_loader=&#8221;off&#8221; da_has_shadow=&#8221;on&#8221;][et_pb_row column_structure=&#8221;1_4,3_4&#8243; _builder_version=&#8221;4.22.2&#8243; _module_preset=&#8221;0b5ba106-5785-489f-ba7b-9fa41143096f&#8221; global_colors_info=&#8221;{}&#8221;][et_pb_column type=&#8221;1_4&#8243; _builder_version=&#8221;4.22.2&#8243; _module_preset=&#8221;824ebbaf-e3b5-4405-acb8-3b2fd9286d17&#8243; global_colors_info=&#8221;{}&#8221;][et_pb_text _builder_version=&#8221;4.22.2&#8243; _dynamic_attributes=&#8221;content&#8221; _module_preset=&#8221;ecb607dd-d36f-4b0d-a6f8-239bd01a7812&#8243; global_colors_info=&#8221;{}&#8221;]@ET-DC@eyJkeW5hbWljIjp0cnVlLCJjb250ZW50IjoicG9zdF90aXRsZSIsInNldHRpbmdzIjp7ImJlZm9yZSI6IiIsImFmdGVyIjoiIn19@[\/et_pb_text][\/et_pb_column][et_pb_column type=&#8221;3_4&#8243; _builder_version=&#8221;4.22.2&#8243; _module_preset=&#8221;fec2c85f-4b95-4256-bb6d-4b28d4ff7161&#8243; global_colors_info=&#8221;{}&#8221;][et_pb_text _builder_version=&#8221;4.22.2&#8243; _module_preset=&#8221;20504ce9-00fc-4f70-97e5-cb8f521d8155&#8243; hover_enabled=&#8221;0&#8243; global_colors_info=&#8221;{}&#8221; sticky_enabled=&#8221;0&#8243;]<\/p>\n<p class=\"has-text-align-center\"><strong>LLEI DELS SERVEIS DE LA SOCIETAT DE LA INFORMACI\u00d3 (LSSI)<\/strong><\/p>\n<p>COL\u00b7LEGI MAJOR MATER SALVATORIS, responsable del lloc web, d&#8217;ara endavant RESPONSABLE, posa a disposici\u00f3 dels usuaris aquest document, amb el qual pret\u00e9n donar compliment a les obligacions disposades a la Llei 34\/2002, d&#8217;11 de juliol, de Serveis de la Societat de la Informaci\u00f3 i de Comer\u00e7 Electr\u00f2nic (LSSICE), BOE N\u00fam. 166, aix\u00ed com informar tots els usuaris del lloc web respecte a quines s\u00f3n les condicions d&#8217;\u00fas.<\/p>\n<p>Tota persona que accedeixi a aquest lloc web assumeix el paper d&#8217;usuari, comprometent-se a l&#8217;observan\u00e7a i el compliment rigor\u00f3s de les disposicions aqu\u00ed disposades, aix\u00ed com a qualsevol altra disposici\u00f3 legal que sigui aplicable.<\/p>\n<p>COL\u00b7LEGI MAJOR MATER SALVATORIS es reserva el dret de modificar qualsevol tipus d&#8217;informaci\u00f3 que pogu\u00e9s apar\u00e8ixer al lloc web, sense que hi hagi obligaci\u00f3 de preavisar o posar en coneixement dels usuaris aquestes obligacions, entenent com a suficient la publicaci\u00f3 al lloc web de COL\u00b7LEGI MAJOR MATER SALVATORIS.<\/p>\n<p><strong>1. DADES IDENTIFICATIVES<\/strong><\/p>\n<p>Nom de domini: barcelona.matersalvatoris.org<br \/>\nNom comercial: COLEGIO MAYOR MATER SALVATORIS<br \/>\nDenominaci\u00f3 social: COLEGIO MAYOR MATER SALVATORIS<br \/>\nNIF: R5800568G<br \/>\nDomicili social: Carrer de l\u2019Emancipaci\u00f3 33. 08022 Barcelona<br \/>\nTel\u00e8fon: 93 \u2013 212 69 00<br \/>\nE-mail: barcelona.cmu@matersalvatoris.org<\/p>\n<p><strong>2. DRETS DE PROPIETAT INTEL\u00b7LECTUAL I INDUSTRIAL<\/strong><\/p>\n<p>El lloc web, incloent-hi a t\u00edtol enunciatiu per\u00f2 no limitatiu la seva programaci\u00f3, edici\u00f3, compilaci\u00f3 i altres elements necessaris per al seu funcionament, els dissenys, logotips, text i\/o gr\u00e0fics, s\u00f3n propietat del RESPONSABLE o, si escau, disposa de llic\u00e8ncia o autoritzaci\u00f3 expressa per part dels autors. Tots els continguts del lloc web es troben degudament protegits per la normativa de propietat intel\u00b7lectual i industrial, aix\u00ed com inscrits als registres p\u00fablics corresponents.<\/p>\n<p>Independentment de la finalitat per a la qual fossin destinats, la reproducci\u00f3 total o parcial, \u00fas, explotaci\u00f3, distribuci\u00f3 i comercialitzaci\u00f3 requereix en tot cas lautoritzaci\u00f3 escrita pr\u00e8via per part del RESPONSABLE. Qualsevol \u00fas no autoritzat pr\u00e8viament es considera un incompliment greu dels drets de propietat intel\u00b7lectual o industrial de lautor.<\/p>\n<p>Els dissenys, logotips, text i\/o gr\u00e0fics aliens al RESPONSABLE i que poguessin apar\u00e8ixer al lloc web, pertanyen als seus respectius propietaris, sent ells mateixos responsables de qualsevol possible controv\u00e8rsia que pogu\u00e9s suscitar-se respecte a aquests. El RESPONSABLE autoritza expressament que tercers puguin redirigir directament els continguts concrets del lloc web, i en tot cas redirigir al lloc web principal de barcelona.matersalvatoris.org.<\/p>\n<p>El RESPONSABLE reconeix a favor dels seus titulars els corresponents drets de propietat intel\u00b7lectual i industrial, no implicant la seva sola menci\u00f3 o aparici\u00f3 al lloc web l&#8217;exist\u00e8ncia de drets o responsabilitat sobre aquests, com tampoc suport, patrocini o recomanaci\u00f3 per part del mateix .<\/p>\n<p>Per fer qualsevol tipus d&#8217;observaci\u00f3 respecte a possibles incompliments dels drets de propietat intel\u00b7lectual o industrial, aix\u00ed com sobre qualsevol dels continguts del lloc web, ho podeu fer a trav\u00e9s del correu electr\u00f2nic barcelona.cmu@matersalvatoris.org.<\/p>\n<p><strong>3. EXEMPCI\u00d3 DE RESPONSABILITATS<\/strong><\/p>\n<p>El RESPONSABLE s&#8217;eximeix de qualsevol tipus de responsabilitat derivada de la informaci\u00f3 publicada al vostre lloc web sempre que aquesta informaci\u00f3 hagi estat manipulada o introdu\u00efda per un tercer ali\u00e8 al mateix.<\/p>\n<p><strong>\u00das de <em>Cookies<\/em><\/strong><\/p>\n<p>Aquest lloc web pot utilitzar <em>cookies<\/em> t\u00e8cniques (petits fitxers d&#8217;informaci\u00f3 que el servidor envia a l&#8217;ordinador de qui accedeix a la p\u00e0gina) per dur a terme determinades funcions que s\u00f3n considerades imprescindibles per al correcte funcionament i visualitzaci\u00f3 del lloc . Les <em>cookies<\/em> utilitzades tenen, en tot cas, car\u00e0cter temporal, amb l&#8217;\u00fanica finalitat de fer m\u00e9s efica\u00e7 la navegaci\u00f3, i desapareixen en acabar la sessi\u00f3 de l&#8217;usuari. En cap cas, aquestes <em>cookies<\/em> proporcionen per si mateixes dades de car\u00e0cter personal i no s&#8217;utilitzaran per a la recollida de les mateixes.<\/p>\n<p>Mitjan\u00e7ant l&#8217;\u00fas de <em>cookies<\/em> tamb\u00e9 \u00e9s possible que el servidor on es troba la web reconegui el navegador utilitzat per l&#8217;usuari amb la finalitat que la navegaci\u00f3 sigui m\u00e9s senzilla, permetent, per exemple, l&#8217;acc\u00e9s dels usuaris que s&#8217;hagin registrat pr\u00e8viament a les \u00e0rees, serveis, promocions o concursos reservats exclusivament a ells sense haver de registrar-se a cada visita. Tamb\u00e9 es poden utilitzar per mesurar l&#8217;audi\u00e8ncia, par\u00e0metres de tr\u00e0nsit, controlar el progr\u00e9s i el nombre d&#8217;entrades, etc., en aquests casos <em>cookies<\/em> prescindibles t\u00e8cnicament, per\u00f2 beneficioses per a l&#8217;usuari. Aquest lloc web no instal\u00b7lar\u00e0 <em>cookies<\/em> prescindibles sense el consentiment previ de l&#8217;usuari.<\/p>\n<p>L&#8217;usuari t\u00e9 la possibilitat de configurar el vostre navegador per ser alertat de la recepci\u00f3 de <em>cookies<\/em> i per impedir la instal\u00b7laci\u00f3 al vostre equip. Si us plau, consulteu les instruccions del vostre navegador per ampliar aquesta informaci\u00f3.<\/p>\n<p><strong>Pol\u00edtica d&#8217;enlla\u00e7os<\/strong><\/p>\n<p>Des del lloc web, \u00e9s possible que es redirigeixi a continguts de tercers llocs web. At\u00e8s que el RESPONSABLE no pot controlar sempre els continguts introdu\u00efts per tercers als seus respectius llocs web, no assumeix cap tipus de responsabilitat respecte a aquests continguts. En tot cas, procedir\u00e0 a la retirada immediata de qualsevol contingut que pogu\u00e9s contravenir la legislaci\u00f3 nacional o internacional, la moral o l&#8217;ordre p\u00fablic, procedint a la retirada immediata de la redirecci\u00f3 a aquest lloc web, posant en coneixement de les autoritats competents el contingut en q\u00fcesti\u00f3.<\/p>\n<p>El RESPONSABLE no es fa responsable de la informaci\u00f3 i continguts emmagatzemats, a t\u00edtol enunciatiu per\u00f2 no limitatiu, en f\u00f2rums, xats, generadors de blocs, comentaris, xarxes socials o qualsevol altre mitj\u00e0 que permeti a tercers publicar continguts de forma independent a la p\u00e0gina web del RESPONSABLE. No obstant aix\u00f2, i en compliment del que disposen els articles 11 i 16 de la LSSICE, es posa a disposici\u00f3 de tots els usuaris, autoritats i forces de seguretat, col\u00b7laborant de forma activa en la retirada o, si escau, bloqueig de tots aquells continguts que puguin afectar o contravenir la legislaci\u00f3 nacional o internacional, els drets de tercers o la moral i lordre p\u00fablic. En cas que l&#8217;usuari consideri que hi ha al lloc web algun contingut que pogu\u00e9s ser susceptible d&#8217;aquesta classificaci\u00f3, es prega que ho notifiqui de manera immediata a l&#8217;administrador del lloc web.<\/p>\n<p>Aquest lloc web s&#8217;ha revisat i provat perqu\u00e8 funcioni correctament. En principi, es pot garantir el funcionament correcte els 365 dies de l&#8217;any, 24 hores al dia. Tot i aix\u00f2, el RESPONSABLE no descarta la possibilitat que hi hagi certs errors de programaci\u00f3, o que esdevinguin causes de for\u00e7a major, cat\u00e0strofes naturals, vagues o circumst\u00e0ncies semblants que facin impossible l&#8217;acc\u00e9s a la p\u00e0gina web.<\/p>\n<p><strong>Adreces IP<\/strong><\/p>\n<p>Els servidors del lloc web podran detectar autom\u00e0ticament l&#8217;adre\u00e7a IP i el nom de domini utilitzats per l&#8217;usuari. Una adre\u00e7a IP \u00e9s un n\u00famero assignat autom\u00e0ticament a un ordinador quan aquest es connecta a Internet. Tota aquesta informaci\u00f3 es registra en un fitxer d&#8217;activitat del servidor que permet el processament posterior de les dades per tal d&#8217;obtenir mesures \u00fanicament estad\u00edstiques que permetin con\u00e8ixer el nombre d&#8217;impressions de p\u00e0gines, el nombre de visites realitzades als servidors web, l&#8217;ordre de visites, punt d&#8217;acc\u00e9s, etc.<\/p>\n<p><strong>4. LLEI APLICABLE I JURISDICCI\u00d3<\/strong><\/p>\n<p>Per a la resoluci\u00f3 de totes les controv\u00e8rsies o q\u00fcestions relacionades amb el present lloc web o de les activitats que s&#8217;hi desenvolupin, ser\u00e0 aplicable la legislaci\u00f3 espanyola, a la qual se sotmeten expressament les parts, sent competents per a la resoluci\u00f3 de tots els conflictes derivats o relacionats amb l&#8217;\u00fas dels Jutjats i Tribunals m\u00e9s propers a Barcelona.[\/et_pb_text][\/et_pb_column][\/et_pb_row][\/et_pb_section]<\/p>\n","protected":false},"excerpt":{"rendered":"<p>LLEI DELS SERVEIS DE LA SOCIETAT DE LA INFORMACI\u00d3 (LSSI) COL\u00b7LEGI MAJOR MATER SALVATORIS, responsable del lloc web, d&#8217;ara endavant RESPONSABLE, posa a disposici\u00f3 dels usuaris aquest document, amb el [&hellip;]<\/p>\n","protected":false},"author":1,"featured_media":0,"parent":0,"menu_order":0,"comment_status":"closed","ping_status":"closed","template":"","meta":{"_et_pb_use_builder":"on","_et_pb_old_content":"","_et_gb_content_width":"","footnotes":""},"class_list":["post-11386","page","type-page","status-publish","hentry"],"yoast_head":"<!-- This site is optimized with the Yoast SEO plugin v26.7 - https:\/\/yoast.com\/wordpress\/plugins\/seo\/ -->\n<title>Av\u00eds legal - Mater Salvatoris Barcelona<\/title>\n<meta name=\"robots\" content=\"index, follow, max-snippet:-1, max-image-preview:large, max-video-preview:-1\" \/>\n<link rel=\"canonical\" href=\"https:\/\/barcelona.matersalvatoris.org\/ca\/avis-legal\/\" \/>\n<meta property=\"og:locale\" content=\"ca_ES\" \/>\n<meta property=\"og:type\" content=\"article\" \/>\n<meta property=\"og:title\" content=\"Av\u00eds legal - Mater Salvatoris Barcelona\" \/>\n<meta property=\"og:description\" content=\"LLEI DELS SERVEIS DE LA SOCIETAT DE LA INFORMACI\u00d3 (LSSI) COL\u00b7LEGI MAJOR MATER SALVATORIS, responsable del lloc web, d&#039;ara endavant RESPONSABLE, posa a disposici\u00f3 dels usuaris aquest document, amb el [&hellip;]\" \/>\n<meta property=\"og:url\" content=\"https:\/\/barcelona.matersalvatoris.org\/ca\/avis-legal\/\" \/>\n<meta property=\"og:site_name\" content=\"Mater Salvatoris Barcelona\" \/>\n<meta property=\"article:publisher\" content=\"https:\/\/www.facebook.com\/CMUMaterSalvatorisBarcelona\" \/>\n<meta property=\"article:modified_time\" content=\"2023-10-18T16:24:24+00:00\" \/>\n<meta name=\"twitter:card\" content=\"summary_large_image\" \/>\n<meta name=\"twitter:label1\" content=\"Temps estimat de lectura\" \/>\n\t<meta name=\"twitter:data1\" content=\"6 minuts\" \/>\n<script type=\"application\/ld+json\" class=\"yoast-schema-graph\">{\"@context\":\"https:\/\/schema.org\",\"@graph\":[{\"@type\":\"WebPage\",\"@id\":\"https:\/\/barcelona.matersalvatoris.org\/ca\/avis-legal\/\",\"url\":\"https:\/\/barcelona.matersalvatoris.org\/ca\/avis-legal\/\",\"name\":\"Av\u00eds legal - Mater Salvatoris Barcelona\",\"isPartOf\":{\"@id\":\"https:\/\/barcelona.matersalvatoris.org\/ca\/#website\"},\"datePublished\":\"2023-10-18T15:26:33+00:00\",\"dateModified\":\"2023-10-18T16:24:24+00:00\",\"inLanguage\":\"ca\",\"potentialAction\":[{\"@type\":\"ReadAction\",\"target\":[\"https:\/\/barcelona.matersalvatoris.org\/ca\/avis-legal\/\"]}]},{\"@type\":\"WebSite\",\"@id\":\"https:\/\/barcelona.matersalvatoris.org\/ca\/#website\",\"url\":\"https:\/\/barcelona.matersalvatoris.org\/ca\/\",\"name\":\"Residencia Universitaria Colegio Mayor Mater Salvatoris\",\"description\":\"Residencia Universitaria Colegio Mayor Mater Salvatoris\",\"publisher\":{\"@id\":\"https:\/\/barcelona.matersalvatoris.org\/ca\/#organization\"},\"potentialAction\":[{\"@type\":\"SearchAction\",\"target\":{\"@type\":\"EntryPoint\",\"urlTemplate\":\"https:\/\/barcelona.matersalvatoris.org\/ca\/?s={search_term_string}\"},\"query-input\":{\"@type\":\"PropertyValueSpecification\",\"valueRequired\":true,\"valueName\":\"search_term_string\"}}],\"inLanguage\":\"ca\"},{\"@type\":\"Organization\",\"@id\":\"https:\/\/barcelona.matersalvatoris.org\/ca\/#organization\",\"name\":\"Residencia Universitaria Colegio Mayor Mater Salvatoris\",\"url\":\"https:\/\/barcelona.matersalvatoris.org\/ca\/\",\"logo\":{\"@type\":\"ImageObject\",\"inLanguage\":\"ca\",\"@id\":\"https:\/\/barcelona.matersalvatoris.org\/ca\/#\/schema\/logo\/image\/\",\"url\":\"https:\/\/barcelona.matersalvatoris.org\/wp-content\/uploads\/2023\/10\/icono-barcelona.png\",\"contentUrl\":\"https:\/\/barcelona.matersalvatoris.org\/wp-content\/uploads\/2023\/10\/icono-barcelona.png\",\"width\":512,\"height\":512,\"caption\":\"Residencia Universitaria Colegio Mayor Mater Salvatoris\"},\"image\":{\"@id\":\"https:\/\/barcelona.matersalvatoris.org\/ca\/#\/schema\/logo\/image\/\"},\"sameAs\":[\"https:\/\/www.facebook.com\/CMUMaterSalvatorisBarcelona\",\"https:\/\/www.instagram.com\/mater_cmu\/\"]}]}<\/script>\n<!-- \/ Yoast SEO plugin. -->","yoast_head_json":{"title":"Av\u00eds legal - Mater Salvatoris Barcelona","robots":{"index":"index","follow":"follow","max-snippet":"max-snippet:-1","max-image-preview":"max-image-preview:large","max-video-preview":"max-video-preview:-1"},"canonical":"https:\/\/barcelona.matersalvatoris.org\/ca\/avis-legal\/","og_locale":"ca_ES","og_type":"article","og_title":"Av\u00eds legal - Mater Salvatoris Barcelona","og_description":"LLEI DELS SERVEIS DE LA SOCIETAT DE LA INFORMACI\u00d3 (LSSI) COL\u00b7LEGI MAJOR MATER SALVATORIS, responsable del lloc web, d'ara endavant RESPONSABLE, posa a disposici\u00f3 dels usuaris aquest document, amb el [&hellip;]","og_url":"https:\/\/barcelona.matersalvatoris.org\/ca\/avis-legal\/","og_site_name":"Mater Salvatoris Barcelona","article_publisher":"https:\/\/www.facebook.com\/CMUMaterSalvatorisBarcelona","article_modified_time":"2023-10-18T16:24:24+00:00","twitter_card":"summary_large_image","twitter_misc":{"Temps estimat de lectura":"6 minuts"},"schema":{"@context":"https:\/\/schema.org","@graph":[{"@type":"WebPage","@id":"https:\/\/barcelona.matersalvatoris.org\/ca\/avis-legal\/","url":"https:\/\/barcelona.matersalvatoris.org\/ca\/avis-legal\/","name":"Av\u00eds legal - Mater Salvatoris Barcelona","isPartOf":{"@id":"https:\/\/barcelona.matersalvatoris.org\/ca\/#website"},"datePublished":"2023-10-18T15:26:33+00:00","dateModified":"2023-10-18T16:24:24+00:00","inLanguage":"ca","potentialAction":[{"@type":"ReadAction","target":["https:\/\/barcelona.matersalvatoris.org\/ca\/avis-legal\/"]}]},{"@type":"WebSite","@id":"https:\/\/barcelona.matersalvatoris.org\/ca\/#website","url":"https:\/\/barcelona.matersalvatoris.org\/ca\/","name":"Residencia Universitaria Colegio Mayor Mater Salvatoris","description":"Residencia Universitaria Colegio Mayor Mater Salvatoris","publisher":{"@id":"https:\/\/barcelona.matersalvatoris.org\/ca\/#organization"},"potentialAction":[{"@type":"SearchAction","target":{"@type":"EntryPoint","urlTemplate":"https:\/\/barcelona.matersalvatoris.org\/ca\/?s={search_term_string}"},"query-input":{"@type":"PropertyValueSpecification","valueRequired":true,"valueName":"search_term_string"}}],"inLanguage":"ca"},{"@type":"Organization","@id":"https:\/\/barcelona.matersalvatoris.org\/ca\/#organization","name":"Residencia Universitaria Colegio Mayor Mater Salvatoris","url":"https:\/\/barcelona.matersalvatoris.org\/ca\/","logo":{"@type":"ImageObject","inLanguage":"ca","@id":"https:\/\/barcelona.matersalvatoris.org\/ca\/#\/schema\/logo\/image\/","url":"https:\/\/barcelona.matersalvatoris.org\/wp-content\/uploads\/2023\/10\/icono-barcelona.png","contentUrl":"https:\/\/barcelona.matersalvatoris.org\/wp-content\/uploads\/2023\/10\/icono-barcelona.png","width":512,"height":512,"caption":"Residencia Universitaria Colegio Mayor Mater Salvatoris"},"image":{"@id":"https:\/\/barcelona.matersalvatoris.org\/ca\/#\/schema\/logo\/image\/"},"sameAs":["https:\/\/www.facebook.com\/CMUMaterSalvatorisBarcelona","https:\/\/www.instagram.com\/mater_cmu\/"]}]}},"_links":{"self":[{"href":"https:\/\/barcelona.matersalvatoris.org\/ca\/wp-json\/wp\/v2\/pages\/11386","targetHints":{"allow":["GET"]}}],"collection":[{"href":"https:\/\/barcelona.matersalvatoris.org\/ca\/wp-json\/wp\/v2\/pages"}],"about":[{"href":"https:\/\/barcelona.matersalvatoris.org\/ca\/wp-json\/wp\/v2\/types\/page"}],"author":[{"embeddable":true,"href":"https:\/\/barcelona.matersalvatoris.org\/ca\/wp-json\/wp\/v2\/users\/1"}],"replies":[{"embeddable":true,"href":"https:\/\/barcelona.matersalvatoris.org\/ca\/wp-json\/wp\/v2\/comments?post=11386"}],"version-history":[{"count":3,"href":"https:\/\/barcelona.matersalvatoris.org\/ca\/wp-json\/wp\/v2\/pages\/11386\/revisions"}],"predecessor-version":[{"id":11461,"href":"https:\/\/barcelona.matersalvatoris.org\/ca\/wp-json\/wp\/v2\/pages\/11386\/revisions\/11461"}],"wp:attachment":[{"href":"https:\/\/barcelona.matersalvatoris.org\/ca\/wp-json\/wp\/v2\/media?parent=11386"}],"curies":[{"name":"wp","href":"https:\/\/api.w.org\/{rel}","templated":true}]}}