{"id":10736,"date":"2023-10-13T16:12:41","date_gmt":"2023-10-13T15:12:41","guid":{"rendered":"https:\/\/barcelona.matersalvatoris.org\/quienes-somos\/"},"modified":"2024-01-13T10:35:28","modified_gmt":"2024-01-13T09:35:28","slug":"qui-som","status":"publish","type":"page","link":"https:\/\/barcelona.matersalvatoris.org\/ca\/qui-som\/","title":{"rendered":"QUI SOM?"},"content":{"rendered":"<p>[et_pb_section fb_built=&#8221;1&#8243; fullwidth=&#8221;on&#8221; _builder_version=&#8221;4.22.2&#8243; _module_preset=&#8221;2ce0b7bd-dbb5-4adc-bc83-1100f73502ab&#8221; da_disable_devices=&#8221;off|off|off&#8221; global_colors_info=&#8221;{}&#8221; da_is_popup=&#8221;off&#8221; da_exit_intent=&#8221;off&#8221; da_has_close=&#8221;on&#8221; da_alt_close=&#8221;off&#8221; da_dark_close=&#8221;off&#8221; da_not_modal=&#8221;on&#8221; da_is_singular=&#8221;off&#8221; da_with_loader=&#8221;off&#8221; da_has_shadow=&#8221;on&#8221;][et_pb_fullwidth_slider _builder_version=&#8221;4.23.3&#8243; _module_preset=&#8221;9587e0c8-d8ae-4497-80de-dc6ac7c71289&#8243; global_colors_info=&#8221;{}&#8221;][et_pb_slide _builder_version=&#8221;4.23.3&#8243; _module_preset=&#8221;default&#8221; background_image=&#8221;https:\/\/barcelona.matersalvatoris.org\/wp-content\/uploads\/2024\/01\/Acto-de-clausura.png&#8221; background_enable_image=&#8221;on&#8221; global_colors_info=&#8221;{}&#8221; sticky_transition=&#8221;on&#8221;][\/et_pb_slide][\/et_pb_fullwidth_slider][\/et_pb_section][et_pb_section fb_built=&#8221;1&#8243; _builder_version=&#8221;4.22.2&#8243; _module_preset=&#8221;c3571faf-1673-4b9f-bf46-f8250e9a3f6a&#8221; da_disable_devices=&#8221;off|off|off&#8221; global_colors_info=&#8221;{}&#8221; da_is_popup=&#8221;off&#8221; da_exit_intent=&#8221;off&#8221; da_has_close=&#8221;on&#8221; da_alt_close=&#8221;off&#8221; da_dark_close=&#8221;off&#8221; da_not_modal=&#8221;on&#8221; da_is_singular=&#8221;off&#8221; da_with_loader=&#8221;off&#8221; da_has_shadow=&#8221;on&#8221;][et_pb_row column_structure=&#8221;1_4,3_4&#8243; _builder_version=&#8221;4.22.2&#8243; _module_preset=&#8221;0b5ba106-5785-489f-ba7b-9fa41143096f&#8221; global_colors_info=&#8221;{}&#8221;][et_pb_column type=&#8221;1_4&#8243; _builder_version=&#8221;4.22.2&#8243; _module_preset=&#8221;824ebbaf-e3b5-4405-acb8-3b2fd9286d17&#8243; global_colors_info=&#8221;{}&#8221;][et_pb_text _builder_version=&#8221;4.22.2&#8243; _dynamic_attributes=&#8221;content&#8221; _module_preset=&#8221;ecb607dd-d36f-4b0d-a6f8-239bd01a7812&#8243; global_colors_info=&#8221;{}&#8221;]@ET-DC@eyJkeW5hbWljIjp0cnVlLCJjb250ZW50IjoicG9zdF90aXRsZSIsInNldHRpbmdzIjp7ImJlZm9yZSI6IiIsImFmdGVyIjoiIn19@[\/et_pb_text][et_pb_image src=&#8221;https:\/\/barcelona.matersalvatoris.org\/wp-content\/uploads\/2023\/10\/image-6.png&#8221; title_text=&#8221;image&#8221; _builder_version=&#8221;4.22.2&#8243; _module_preset=&#8221;78b8f189-3fc7-40bb-b902-2ab30819502b&#8221; global_colors_info=&#8221;{}&#8221;][\/et_pb_image][\/et_pb_column][et_pb_column type=&#8221;3_4&#8243; _builder_version=&#8221;4.22.2&#8243; _module_preset=&#8221;fec2c85f-4b95-4256-bb6d-4b28d4ff7161&#8243; global_colors_info=&#8221;{}&#8221;][et_pb_text _builder_version=&#8221;4.22.2&#8243; _module_preset=&#8221;20504ce9-00fc-4f70-97e5-cb8f521d8155&#8243; global_colors_info=&#8221;{}&#8221;]<\/p>\n<p><strong>Mater Salvatoris \u00e9s un col\u00b7legi femen\u00ed, privat i cat\u00f2lic, dirigit per les religioses de la Companyia del Salvador.<\/strong><\/p>\n<p><strong>Ofereix a les col\u00b7legiales un ambient propici<\/strong> per a una formaci\u00f3 integral de qualitat que permeti a cadascuna afrontar amb \u00e8xit els reptes de la societat del segle XXI.<\/p>\n<p>En el marc d&#8217;un entorn privilegiat, les col\u00b7legiales de Mater Salvatoris reben una educaci\u00f3 en qu\u00e8 s&#8217;atenen totes les dimensions de la vida humana, tant en el camp acad\u00e8mic com en el personal i el transcendent.<\/p>\n<p>[\/et_pb_text][et_pb_text _builder_version=&#8221;4.22.2&#8243; _module_preset=&#8221;f8b6535a-4f35-4292-bb87-62eee3d9103b&#8221; global_colors_info=&#8221;{}&#8221;]<\/p>\n<p>Els anys transcorreguts al Mater deixen un segell especial. S\u00f3n \u201cels anys m\u00e9s feli\u00e7os de la nostra vida\u201d, ja que s&#8217;hi forgen grans amistats que ho seran per a tota la vida.<\/p>\n<p>-Nina, exalumna<\/p>\n<p>[\/et_pb_text][\/et_pb_column][\/et_pb_row][\/et_pb_section]<\/p>\n","protected":false},"excerpt":{"rendered":"<p>Mater Salvatoris \u00e9s un col\u00b7legi femen\u00ed, privat i cat\u00f2lic, dirigit per les religioses de la Companyia del Salvador. Ofereix a les col\u00b7legiales un ambient propici per a una formaci\u00f3 integral [&hellip;]<\/p>\n","protected":false},"author":1,"featured_media":0,"parent":0,"menu_order":0,"comment_status":"closed","ping_status":"closed","template":"","meta":{"_et_pb_use_builder":"on","_et_pb_old_content":"","_et_gb_content_width":"","footnotes":""},"class_list":["post-10736","page","type-page","status-publish","hentry"],"yoast_head":"<!-- This site is optimized with the Yoast SEO plugin v26.7 - https:\/\/yoast.com\/wordpress\/plugins\/seo\/ -->\n<title>QUI SOM? - Mater Salvatoris Barcelona<\/title>\n<meta name=\"robots\" content=\"index, follow, max-snippet:-1, max-image-preview:large, max-video-preview:-1\" \/>\n<link rel=\"canonical\" href=\"https:\/\/barcelona.matersalvatoris.org\/ca\/qui-som\/\" \/>\n<meta property=\"og:locale\" content=\"ca_ES\" \/>\n<meta property=\"og:type\" content=\"article\" \/>\n<meta property=\"og:title\" content=\"QUI SOM? - Mater Salvatoris Barcelona\" \/>\n<meta property=\"og:description\" content=\"Mater Salvatoris \u00e9s un col\u00b7legi femen\u00ed, privat i cat\u00f2lic, dirigit per les religioses de la Companyia del Salvador. Ofereix a les col\u00b7legiales un ambient propici per a una formaci\u00f3 integral [&hellip;]\" \/>\n<meta property=\"og:url\" content=\"https:\/\/barcelona.matersalvatoris.org\/ca\/qui-som\/\" \/>\n<meta property=\"og:site_name\" content=\"Mater Salvatoris Barcelona\" \/>\n<meta property=\"article:publisher\" content=\"https:\/\/www.facebook.com\/CMUMaterSalvatorisBarcelona\" \/>\n<meta property=\"article:modified_time\" content=\"2024-01-13T09:35:28+00:00\" \/>\n<meta name=\"twitter:card\" content=\"summary_large_image\" \/>\n<script type=\"application\/ld+json\" class=\"yoast-schema-graph\">{\"@context\":\"https:\/\/schema.org\",\"@graph\":[{\"@type\":\"WebPage\",\"@id\":\"https:\/\/barcelona.matersalvatoris.org\/ca\/qui-som\/\",\"url\":\"https:\/\/barcelona.matersalvatoris.org\/ca\/qui-som\/\",\"name\":\"QUI SOM? - Mater Salvatoris Barcelona\",\"isPartOf\":{\"@id\":\"https:\/\/barcelona.matersalvatoris.org\/ca\/#website\"},\"datePublished\":\"2023-10-13T15:12:41+00:00\",\"dateModified\":\"2024-01-13T09:35:28+00:00\",\"inLanguage\":\"ca\",\"potentialAction\":[{\"@type\":\"ReadAction\",\"target\":[\"https:\/\/barcelona.matersalvatoris.org\/ca\/qui-som\/\"]}]},{\"@type\":\"WebSite\",\"@id\":\"https:\/\/barcelona.matersalvatoris.org\/ca\/#website\",\"url\":\"https:\/\/barcelona.matersalvatoris.org\/ca\/\",\"name\":\"Residencia Universitaria Colegio Mayor Mater Salvatoris\",\"description\":\"Residencia Universitaria Colegio Mayor Mater Salvatoris\",\"publisher\":{\"@id\":\"https:\/\/barcelona.matersalvatoris.org\/ca\/#organization\"},\"potentialAction\":[{\"@type\":\"SearchAction\",\"target\":{\"@type\":\"EntryPoint\",\"urlTemplate\":\"https:\/\/barcelona.matersalvatoris.org\/ca\/?s={search_term_string}\"},\"query-input\":{\"@type\":\"PropertyValueSpecification\",\"valueRequired\":true,\"valueName\":\"search_term_string\"}}],\"inLanguage\":\"ca\"},{\"@type\":\"Organization\",\"@id\":\"https:\/\/barcelona.matersalvatoris.org\/ca\/#organization\",\"name\":\"Residencia Universitaria Colegio Mayor Mater Salvatoris\",\"url\":\"https:\/\/barcelona.matersalvatoris.org\/ca\/\",\"logo\":{\"@type\":\"ImageObject\",\"inLanguage\":\"ca\",\"@id\":\"https:\/\/barcelona.matersalvatoris.org\/ca\/#\/schema\/logo\/image\/\",\"url\":\"https:\/\/barcelona.matersalvatoris.org\/wp-content\/uploads\/2023\/10\/icono-barcelona.png\",\"contentUrl\":\"https:\/\/barcelona.matersalvatoris.org\/wp-content\/uploads\/2023\/10\/icono-barcelona.png\",\"width\":512,\"height\":512,\"caption\":\"Residencia Universitaria Colegio Mayor Mater Salvatoris\"},\"image\":{\"@id\":\"https:\/\/barcelona.matersalvatoris.org\/ca\/#\/schema\/logo\/image\/\"},\"sameAs\":[\"https:\/\/www.facebook.com\/CMUMaterSalvatorisBarcelona\",\"https:\/\/www.instagram.com\/mater_cmu\/\"]}]}<\/script>\n<!-- \/ Yoast SEO plugin. -->","yoast_head_json":{"title":"QUI SOM? - Mater Salvatoris Barcelona","robots":{"index":"index","follow":"follow","max-snippet":"max-snippet:-1","max-image-preview":"max-image-preview:large","max-video-preview":"max-video-preview:-1"},"canonical":"https:\/\/barcelona.matersalvatoris.org\/ca\/qui-som\/","og_locale":"ca_ES","og_type":"article","og_title":"QUI SOM? - Mater Salvatoris Barcelona","og_description":"Mater Salvatoris \u00e9s un col\u00b7legi femen\u00ed, privat i cat\u00f2lic, dirigit per les religioses de la Companyia del Salvador. Ofereix a les col\u00b7legiales un ambient propici per a una formaci\u00f3 integral [&hellip;]","og_url":"https:\/\/barcelona.matersalvatoris.org\/ca\/qui-som\/","og_site_name":"Mater Salvatoris Barcelona","article_publisher":"https:\/\/www.facebook.com\/CMUMaterSalvatorisBarcelona","article_modified_time":"2024-01-13T09:35:28+00:00","twitter_card":"summary_large_image","schema":{"@context":"https:\/\/schema.org","@graph":[{"@type":"WebPage","@id":"https:\/\/barcelona.matersalvatoris.org\/ca\/qui-som\/","url":"https:\/\/barcelona.matersalvatoris.org\/ca\/qui-som\/","name":"QUI SOM? - Mater Salvatoris Barcelona","isPartOf":{"@id":"https:\/\/barcelona.matersalvatoris.org\/ca\/#website"},"datePublished":"2023-10-13T15:12:41+00:00","dateModified":"2024-01-13T09:35:28+00:00","inLanguage":"ca","potentialAction":[{"@type":"ReadAction","target":["https:\/\/barcelona.matersalvatoris.org\/ca\/qui-som\/"]}]},{"@type":"WebSite","@id":"https:\/\/barcelona.matersalvatoris.org\/ca\/#website","url":"https:\/\/barcelona.matersalvatoris.org\/ca\/","name":"Residencia Universitaria Colegio Mayor Mater Salvatoris","description":"Residencia Universitaria Colegio Mayor Mater Salvatoris","publisher":{"@id":"https:\/\/barcelona.matersalvatoris.org\/ca\/#organization"},"potentialAction":[{"@type":"SearchAction","target":{"@type":"EntryPoint","urlTemplate":"https:\/\/barcelona.matersalvatoris.org\/ca\/?s={search_term_string}"},"query-input":{"@type":"PropertyValueSpecification","valueRequired":true,"valueName":"search_term_string"}}],"inLanguage":"ca"},{"@type":"Organization","@id":"https:\/\/barcelona.matersalvatoris.org\/ca\/#organization","name":"Residencia Universitaria Colegio Mayor Mater Salvatoris","url":"https:\/\/barcelona.matersalvatoris.org\/ca\/","logo":{"@type":"ImageObject","inLanguage":"ca","@id":"https:\/\/barcelona.matersalvatoris.org\/ca\/#\/schema\/logo\/image\/","url":"https:\/\/barcelona.matersalvatoris.org\/wp-content\/uploads\/2023\/10\/icono-barcelona.png","contentUrl":"https:\/\/barcelona.matersalvatoris.org\/wp-content\/uploads\/2023\/10\/icono-barcelona.png","width":512,"height":512,"caption":"Residencia Universitaria Colegio Mayor Mater Salvatoris"},"image":{"@id":"https:\/\/barcelona.matersalvatoris.org\/ca\/#\/schema\/logo\/image\/"},"sameAs":["https:\/\/www.facebook.com\/CMUMaterSalvatorisBarcelona","https:\/\/www.instagram.com\/mater_cmu\/"]}]}},"_links":{"self":[{"href":"https:\/\/barcelona.matersalvatoris.org\/ca\/wp-json\/wp\/v2\/pages\/10736","targetHints":{"allow":["GET"]}}],"collection":[{"href":"https:\/\/barcelona.matersalvatoris.org\/ca\/wp-json\/wp\/v2\/pages"}],"about":[{"href":"https:\/\/barcelona.matersalvatoris.org\/ca\/wp-json\/wp\/v2\/types\/page"}],"author":[{"embeddable":true,"href":"https:\/\/barcelona.matersalvatoris.org\/ca\/wp-json\/wp\/v2\/users\/1"}],"replies":[{"embeddable":true,"href":"https:\/\/barcelona.matersalvatoris.org\/ca\/wp-json\/wp\/v2\/comments?post=10736"}],"version-history":[{"count":11,"href":"https:\/\/barcelona.matersalvatoris.org\/ca\/wp-json\/wp\/v2\/pages\/10736\/revisions"}],"predecessor-version":[{"id":11807,"href":"https:\/\/barcelona.matersalvatoris.org\/ca\/wp-json\/wp\/v2\/pages\/10736\/revisions\/11807"}],"wp:attachment":[{"href":"https:\/\/barcelona.matersalvatoris.org\/ca\/wp-json\/wp\/v2\/media?parent=10736"}],"curies":[{"name":"wp","href":"https:\/\/api.w.org\/{rel}","templated":true}]}}