{"id":10734,"date":"2023-10-13T17:55:21","date_gmt":"2023-10-13T16:55:21","guid":{"rendered":"https:\/\/barcelona.matersalvatoris.org\/actividades\/"},"modified":"2024-01-12T19:03:44","modified_gmt":"2024-01-12T18:03:44","slug":"activitats","status":"publish","type":"page","link":"https:\/\/barcelona.matersalvatoris.org\/ca\/activitats\/","title":{"rendered":"ACTIVITATS"},"content":{"rendered":"<p>[et_pb_section fb_built=&#8221;1&#8243; fullwidth=&#8221;on&#8221; _builder_version=&#8221;4.22.2&#8243; _module_preset=&#8221;2ce0b7bd-dbb5-4adc-bc83-1100f73502ab&#8221; da_disable_devices=&#8221;off|off|off&#8221; global_colors_info=&#8221;{}&#8221; da_is_popup=&#8221;off&#8221; da_exit_intent=&#8221;off&#8221; da_has_close=&#8221;on&#8221; da_alt_close=&#8221;off&#8221; da_dark_close=&#8221;off&#8221; da_not_modal=&#8221;on&#8221; da_is_singular=&#8221;off&#8221; da_with_loader=&#8221;off&#8221; da_has_shadow=&#8221;on&#8221;][et_pb_fullwidth_slider _builder_version=&#8221;4.22.2&#8243; _module_preset=&#8221;9587e0c8-d8ae-4497-80de-dc6ac7c71289&#8243; global_colors_info=&#8221;{}&#8221;][et_pb_slide _builder_version=&#8221;4.22.2&#8243; _module_preset=&#8221;default&#8221; background_image=&#8221;https:\/\/barcelona.matersalvatoris.org\/wp-content\/uploads\/2023\/10\/image-9.jpeg&#8221; background_enable_image=&#8221;on&#8221; global_colors_info=&#8221;{}&#8221; sticky_transition=&#8221;on&#8221;][\/et_pb_slide][\/et_pb_fullwidth_slider][\/et_pb_section][et_pb_section fb_built=&#8221;1&#8243; _builder_version=&#8221;4.22.2&#8243; _module_preset=&#8221;c3571faf-1673-4b9f-bf46-f8250e9a3f6a&#8221; da_disable_devices=&#8221;off|off|off&#8221; global_colors_info=&#8221;{}&#8221; da_is_popup=&#8221;off&#8221; da_exit_intent=&#8221;off&#8221; da_has_close=&#8221;on&#8221; da_alt_close=&#8221;off&#8221; da_dark_close=&#8221;off&#8221; da_not_modal=&#8221;on&#8221; da_is_singular=&#8221;off&#8221; da_with_loader=&#8221;off&#8221; da_has_shadow=&#8221;on&#8221;][et_pb_row column_structure=&#8221;1_4,3_4&#8243; _builder_version=&#8221;4.22.2&#8243; _module_preset=&#8221;0b5ba106-5785-489f-ba7b-9fa41143096f&#8221; global_colors_info=&#8221;{}&#8221;][et_pb_column type=&#8221;1_4&#8243; _builder_version=&#8221;4.22.2&#8243; _module_preset=&#8221;824ebbaf-e3b5-4405-acb8-3b2fd9286d17&#8243; global_colors_info=&#8221;{}&#8221;][et_pb_text _builder_version=&#8221;4.22.2&#8243; _dynamic_attributes=&#8221;content&#8221; _module_preset=&#8221;ecb607dd-d36f-4b0d-a6f8-239bd01a7812&#8243; global_colors_info=&#8221;{}&#8221;]@ET-DC@eyJkeW5hbWljIjp0cnVlLCJjb250ZW50IjoicG9zdF90aXRsZSIsInNldHRpbmdzIjp7ImJlZm9yZSI6IiIsImFmdGVyIjoiIn19@[\/et_pb_text][et_pb_image src=&#8221;https:\/\/barcelona.matersalvatoris.org\/wp-content\/uploads\/2024\/01\/Actividades-1.png&#8221; title_text=&#8221;Actividades 1&#8243; _builder_version=&#8221;4.23.3&#8243; _module_preset=&#8221;78b8f189-3fc7-40bb-b902-2ab30819502b&#8221; hover_enabled=&#8221;0&#8243; global_colors_info=&#8221;{}&#8221; sticky_enabled=&#8221;0&#8243;][\/et_pb_image][et_pb_image src=&#8221;https:\/\/barcelona.matersalvatoris.org\/wp-content\/uploads\/2024\/01\/Actividades-2.png&#8221; title_text=&#8221;Actividades 2&#8243; _builder_version=&#8221;4.23.3&#8243; _module_preset=&#8221;78b8f189-3fc7-40bb-b902-2ab30819502b&#8221; hover_enabled=&#8221;0&#8243; global_colors_info=&#8221;{}&#8221; sticky_enabled=&#8221;0&#8243;][\/et_pb_image][\/et_pb_column][et_pb_column type=&#8221;3_4&#8243; _builder_version=&#8221;4.22.2&#8243; _module_preset=&#8221;fec2c85f-4b95-4256-bb6d-4b28d4ff7161&#8243; global_colors_info=&#8221;{}&#8221;][et_pb_text _builder_version=&#8221;4.22.2&#8243; _module_preset=&#8221;20504ce9-00fc-4f70-97e5-cb8f521d8155&#8243; global_colors_info=&#8221;{}&#8221;]<\/p>\n<p><strong>Els Col\u00b7legis Majors s\u00f3n una instituci\u00f3 amb una llarga tradici\u00f3 a la vida universit\u00e0ria.<\/strong><\/p>\n<p>S&#8217;hi oferia als estudiants molt m\u00e9s que un allotjament: se&#8217;ls proporcionava un lloc d&#8217;intercanvi de coneixements amb joves d&#8217;altres carreres i moltes parts del m\u00f3n, la conviv\u00e8ncia familiar amb alguns mestres i l&#8217;oportunitat de viure molt m\u00e9s a fons la seva experi\u00e8ncia universit\u00e0ria.<\/p>\n<p>Avui dia, els Col\u00b7legis Majors segueixen conservant aquells ideals que van fer possible el seu naixement. Per aix\u00f2, es comprometen a cuidar de manera particular la formaci\u00f3 acad\u00e8mica dels seus col\u00b7legials, oferint-los cursos, cicles de confer\u00e8ncies, seminaris i altres activitats que els ajudin a desenvolupar compet\u00e8ncies transversals ia completar la seva formaci\u00f3 integral.<\/p>\n<p>[\/et_pb_text][et_pb_tabs _builder_version=&#8221;4.22.2&#8243; _module_preset=&#8221;3c0cb389-d0cc-4a86-9974-f4880d329e5b&#8221; global_colors_info=&#8221;{%22gcid-559430c5-2cdf-4973-86d8-fd5dc2d2dd97%22:%91%22active_tab_background_color%22,%22tab_text_color%22%93}&#8221;][et_pb_tab title=&#8221;Activitats acad\u00e8miques&#8221; _builder_version=&#8221;4.22.2&#8243; _module_preset=&#8221;baef46e7-81cc-46cc-8c41-03b4db9f0978&#8243; global_colors_info=&#8221;{}&#8221;]<\/p>\n<p>Al Col\u00b7legi Major Mater Salvatoris s&#8217;ha procurat sempre que les col\u00b7legials aconsegueixin tenir un pensament madur, capa\u00e7 d&#8217;analitzar amb ulls intel\u00b7ligents la realitat i la informaci\u00f3 que els arriba sobre ella. L&#8217;objectiu \u00faltim \u00e9s enriquir el temps d&#8217;estudis amb una visi\u00f3 global de la realitat, ampliar la formaci\u00f3 rebut i ajudar a fer que la vida de la Universitat sigui el que en deia Alfons X el Savi: un \u201cajuntament de mestres i escolars amb voluntat i enteniment d&#8217;aprendre els sabers\u201d (Set Partides, partida II, tit. XXXI). Per aix\u00f2 el CMU ofereix:<\/p>\n<ul>\n<li>Cursos<\/li>\n<li>Cicles de confer\u00e8ncies<\/li>\n<li>Seminaris<\/li>\n<li>Tutories<\/li>\n<li>Xerrades<\/li>\n<\/ul>\n<p>Informes peri\u00f2dics sobre les oportunitats que ofereix les diferents universitats<br \/>Els temes versen sobre la filosofia (pensament d&#8217;autors cl\u00e0ssics i actuals), debat cient\u00edfic, humanitats, religi\u00f3 i problemes socials; idiomes, pintura, m\u00fasica, literatura, sociologia, psicologia, el m\u00f3n de la comunicaci\u00f3 i altres temes dinter\u00e8s cultural, hum\u00e0 i dactualitat.<\/p>\n<p>[\/et_pb_tab][et_pb_tab title=&#8221;Activitats culturals&#8221; _builder_version=&#8221;4.22.2&#8243; _module_preset=&#8221;baef46e7-81cc-46cc-8c41-03b4db9f0978&#8243; global_colors_info=&#8221;{}&#8221;]<\/p>\n<p>Una de les metes del CMU ha estat perllongar la formaci\u00f3 fora de l&#8217;aula, i capacitar les col\u00b7legiales per ser ferment d&#8217;un canvi positiu a la societat. Aix\u00f2, ampliant-ne l&#8217;horitz\u00f3, donant-los a con\u00e8ixer diferents llocs, persones, cultures, formes de vida al llarg de la hist\u00f2ria i de la geografia mundial. Per aix\u00f2 el CMU ofereix:<\/p>\n<ul>\n<li>Viatges nacionals i internacionals<\/li>\n<li>Sortides culturals<\/li>\n<li>Cor CMU<\/li>\n<\/ul>\n<p>[\/et_pb_tab][et_pb_tab title=&#8221;Activitats l\u00fadiques&#8221; _builder_version=&#8221;4.22.2&#8243; _module_preset=&#8221;baef46e7-81cc-46cc-8c41-03b4db9f0978&#8243; global_colors_info=&#8221;{}&#8221;]<\/p>\n<p>Aprendre a divertir-se \u00e9s un dels reptes de l&#8217;universitari d&#8217;avui, per tant, al CMU no tot \u00e9s estudi. Tamb\u00e9 hi ha espai per a la festa i per al descans, per a l&#8217;esport i el desenvolupament de la creativitat, per a la generositat de festejar els aniversaris i esdeveniments familiars de les amigues i companyes. Per aix\u00f2 el CMU ofereix:<\/p>\n<ul>\n<li>Esport<\/li>\n<li>Celebraci\u00f3 de festes tradicionals<\/li>\n<li>Sopars tem\u00e0tics<\/li>\n<li>Rebosteria<\/li>\n<li>Cursos i tallers de pintura i m\u00fasica<\/li>\n<li>Teatre<\/li>\n<\/ul>\n<p>[\/et_pb_tab][et_pb_tab title=&#8221;Activitats religioses&#8221; _builder_version=&#8221;4.22.2&#8243; _module_preset=&#8221;default&#8221; global_colors_info=&#8221;{}&#8221;]<\/p>\n<p>\u00abNo balconeu la vida, fiqueu-vos-hi com va fer Jes\u00fas\u00bb. Aix\u00ed es dirigia el Papa Francesc als joves a la Jornada mundial de la joventut a Rio de Janeiro. El Col\u00b7legi Major vol ser una ajuda als joves \u2013les nostres col\u00b7legials, per\u00f2 tamb\u00e9 els seus amics i coneguts\u2013 perqu\u00e8 de veritat es fiquin a la vida, conscients que, com deia el Papa, en aquella memorable nit de la platja de Copacabana, \u00abJes\u00fas ens ofereix una mica m\u00e9s gran que la copa del m\u00f3n. Ens ofereix la possibilitat d&#8217;una vida fecunda i feli\u00e7\u2026 i la vida eterna\u00bb. Per aix\u00f2 el CMU ofereix:<\/p>\n<ul>\n<li>Voluntariat<\/li>\n<li>Pelegrinatges<\/li>\n<li>Exercicis Espirituals<\/li>\n<li>Retireu-vos<\/li>\n<li>Hores Santes<\/li>\n<li>Catequesi de Baptisme i Confirmaci\u00f3 a les col\u00b7legiales que ho demanen<\/li>\n<li>Congregaci\u00f3 Mariana<\/li>\n<\/ul>\n<p>[\/et_pb_tab][\/et_pb_tabs][\/et_pb_column][\/et_pb_row][\/et_pb_section]<\/p>\n","protected":false},"excerpt":{"rendered":"<p>Els Col\u00b7legis Majors s\u00f3n una instituci\u00f3 amb una llarga tradici\u00f3 a la vida universit\u00e0ria. S&#8217;hi oferia als estudiants molt m\u00e9s que un allotjament: se&#8217;ls proporcionava un lloc d&#8217;intercanvi de coneixements [&hellip;]<\/p>\n","protected":false},"author":1,"featured_media":0,"parent":0,"menu_order":0,"comment_status":"closed","ping_status":"closed","template":"","meta":{"_et_pb_use_builder":"on","_et_pb_old_content":"","_et_gb_content_width":"","footnotes":""},"class_list":["post-10734","page","type-page","status-publish","hentry"],"yoast_head":"<!-- This site is optimized with the Yoast SEO plugin v26.7 - https:\/\/yoast.com\/wordpress\/plugins\/seo\/ -->\n<title>ACTIVITATS - Mater Salvatoris Barcelona<\/title>\n<meta name=\"robots\" content=\"index, follow, max-snippet:-1, max-image-preview:large, max-video-preview:-1\" \/>\n<link rel=\"canonical\" href=\"https:\/\/barcelona.matersalvatoris.org\/ca\/activitats\/\" \/>\n<meta property=\"og:locale\" content=\"ca_ES\" \/>\n<meta property=\"og:type\" content=\"article\" \/>\n<meta property=\"og:title\" content=\"ACTIVITATS - Mater Salvatoris Barcelona\" \/>\n<meta property=\"og:description\" content=\"Els Col\u00b7legis Majors s\u00f3n una instituci\u00f3 amb una llarga tradici\u00f3 a la vida universit\u00e0ria. S&#039;hi oferia als estudiants molt m\u00e9s que un allotjament: se&#039;ls proporcionava un lloc d&#039;intercanvi de coneixements [&hellip;]\" \/>\n<meta property=\"og:url\" content=\"https:\/\/barcelona.matersalvatoris.org\/ca\/activitats\/\" \/>\n<meta property=\"og:site_name\" content=\"Mater Salvatoris Barcelona\" \/>\n<meta property=\"article:publisher\" content=\"https:\/\/www.facebook.com\/CMUMaterSalvatorisBarcelona\" \/>\n<meta property=\"article:modified_time\" content=\"2024-01-12T18:03:44+00:00\" \/>\n<meta name=\"twitter:card\" content=\"summary_large_image\" \/>\n<script type=\"application\/ld+json\" class=\"yoast-schema-graph\">{\"@context\":\"https:\/\/schema.org\",\"@graph\":[{\"@type\":\"WebPage\",\"@id\":\"https:\/\/barcelona.matersalvatoris.org\/ca\/activitats\/\",\"url\":\"https:\/\/barcelona.matersalvatoris.org\/ca\/activitats\/\",\"name\":\"ACTIVITATS - Mater Salvatoris Barcelona\",\"isPartOf\":{\"@id\":\"https:\/\/barcelona.matersalvatoris.org\/ca\/#website\"},\"datePublished\":\"2023-10-13T16:55:21+00:00\",\"dateModified\":\"2024-01-12T18:03:44+00:00\",\"inLanguage\":\"ca\",\"potentialAction\":[{\"@type\":\"ReadAction\",\"target\":[\"https:\/\/barcelona.matersalvatoris.org\/ca\/activitats\/\"]}]},{\"@type\":\"WebSite\",\"@id\":\"https:\/\/barcelona.matersalvatoris.org\/ca\/#website\",\"url\":\"https:\/\/barcelona.matersalvatoris.org\/ca\/\",\"name\":\"Residencia Universitaria Colegio Mayor Mater Salvatoris\",\"description\":\"Residencia Universitaria Colegio Mayor Mater Salvatoris\",\"publisher\":{\"@id\":\"https:\/\/barcelona.matersalvatoris.org\/ca\/#organization\"},\"potentialAction\":[{\"@type\":\"SearchAction\",\"target\":{\"@type\":\"EntryPoint\",\"urlTemplate\":\"https:\/\/barcelona.matersalvatoris.org\/ca\/?s={search_term_string}\"},\"query-input\":{\"@type\":\"PropertyValueSpecification\",\"valueRequired\":true,\"valueName\":\"search_term_string\"}}],\"inLanguage\":\"ca\"},{\"@type\":\"Organization\",\"@id\":\"https:\/\/barcelona.matersalvatoris.org\/ca\/#organization\",\"name\":\"Residencia Universitaria Colegio Mayor Mater Salvatoris\",\"url\":\"https:\/\/barcelona.matersalvatoris.org\/ca\/\",\"logo\":{\"@type\":\"ImageObject\",\"inLanguage\":\"ca\",\"@id\":\"https:\/\/barcelona.matersalvatoris.org\/ca\/#\/schema\/logo\/image\/\",\"url\":\"https:\/\/barcelona.matersalvatoris.org\/wp-content\/uploads\/2023\/10\/icono-barcelona.png\",\"contentUrl\":\"https:\/\/barcelona.matersalvatoris.org\/wp-content\/uploads\/2023\/10\/icono-barcelona.png\",\"width\":512,\"height\":512,\"caption\":\"Residencia Universitaria Colegio Mayor Mater Salvatoris\"},\"image\":{\"@id\":\"https:\/\/barcelona.matersalvatoris.org\/ca\/#\/schema\/logo\/image\/\"},\"sameAs\":[\"https:\/\/www.facebook.com\/CMUMaterSalvatorisBarcelona\",\"https:\/\/www.instagram.com\/mater_cmu\/\"]}]}<\/script>\n<!-- \/ Yoast SEO plugin. -->","yoast_head_json":{"title":"ACTIVITATS - Mater Salvatoris Barcelona","robots":{"index":"index","follow":"follow","max-snippet":"max-snippet:-1","max-image-preview":"max-image-preview:large","max-video-preview":"max-video-preview:-1"},"canonical":"https:\/\/barcelona.matersalvatoris.org\/ca\/activitats\/","og_locale":"ca_ES","og_type":"article","og_title":"ACTIVITATS - Mater Salvatoris Barcelona","og_description":"Els Col\u00b7legis Majors s\u00f3n una instituci\u00f3 amb una llarga tradici\u00f3 a la vida universit\u00e0ria. S'hi oferia als estudiants molt m\u00e9s que un allotjament: se'ls proporcionava un lloc d'intercanvi de coneixements [&hellip;]","og_url":"https:\/\/barcelona.matersalvatoris.org\/ca\/activitats\/","og_site_name":"Mater Salvatoris Barcelona","article_publisher":"https:\/\/www.facebook.com\/CMUMaterSalvatorisBarcelona","article_modified_time":"2024-01-12T18:03:44+00:00","twitter_card":"summary_large_image","schema":{"@context":"https:\/\/schema.org","@graph":[{"@type":"WebPage","@id":"https:\/\/barcelona.matersalvatoris.org\/ca\/activitats\/","url":"https:\/\/barcelona.matersalvatoris.org\/ca\/activitats\/","name":"ACTIVITATS - Mater Salvatoris Barcelona","isPartOf":{"@id":"https:\/\/barcelona.matersalvatoris.org\/ca\/#website"},"datePublished":"2023-10-13T16:55:21+00:00","dateModified":"2024-01-12T18:03:44+00:00","inLanguage":"ca","potentialAction":[{"@type":"ReadAction","target":["https:\/\/barcelona.matersalvatoris.org\/ca\/activitats\/"]}]},{"@type":"WebSite","@id":"https:\/\/barcelona.matersalvatoris.org\/ca\/#website","url":"https:\/\/barcelona.matersalvatoris.org\/ca\/","name":"Residencia Universitaria Colegio Mayor Mater Salvatoris","description":"Residencia Universitaria Colegio Mayor Mater Salvatoris","publisher":{"@id":"https:\/\/barcelona.matersalvatoris.org\/ca\/#organization"},"potentialAction":[{"@type":"SearchAction","target":{"@type":"EntryPoint","urlTemplate":"https:\/\/barcelona.matersalvatoris.org\/ca\/?s={search_term_string}"},"query-input":{"@type":"PropertyValueSpecification","valueRequired":true,"valueName":"search_term_string"}}],"inLanguage":"ca"},{"@type":"Organization","@id":"https:\/\/barcelona.matersalvatoris.org\/ca\/#organization","name":"Residencia Universitaria Colegio Mayor Mater Salvatoris","url":"https:\/\/barcelona.matersalvatoris.org\/ca\/","logo":{"@type":"ImageObject","inLanguage":"ca","@id":"https:\/\/barcelona.matersalvatoris.org\/ca\/#\/schema\/logo\/image\/","url":"https:\/\/barcelona.matersalvatoris.org\/wp-content\/uploads\/2023\/10\/icono-barcelona.png","contentUrl":"https:\/\/barcelona.matersalvatoris.org\/wp-content\/uploads\/2023\/10\/icono-barcelona.png","width":512,"height":512,"caption":"Residencia Universitaria Colegio Mayor Mater Salvatoris"},"image":{"@id":"https:\/\/barcelona.matersalvatoris.org\/ca\/#\/schema\/logo\/image\/"},"sameAs":["https:\/\/www.facebook.com\/CMUMaterSalvatorisBarcelona","https:\/\/www.instagram.com\/mater_cmu\/"]}]}},"_links":{"self":[{"href":"https:\/\/barcelona.matersalvatoris.org\/ca\/wp-json\/wp\/v2\/pages\/10734","targetHints":{"allow":["GET"]}}],"collection":[{"href":"https:\/\/barcelona.matersalvatoris.org\/ca\/wp-json\/wp\/v2\/pages"}],"about":[{"href":"https:\/\/barcelona.matersalvatoris.org\/ca\/wp-json\/wp\/v2\/types\/page"}],"author":[{"embeddable":true,"href":"https:\/\/barcelona.matersalvatoris.org\/ca\/wp-json\/wp\/v2\/users\/1"}],"replies":[{"embeddable":true,"href":"https:\/\/barcelona.matersalvatoris.org\/ca\/wp-json\/wp\/v2\/comments?post=10734"}],"version-history":[{"count":10,"href":"https:\/\/barcelona.matersalvatoris.org\/ca\/wp-json\/wp\/v2\/pages\/10734\/revisions"}],"predecessor-version":[{"id":11796,"href":"https:\/\/barcelona.matersalvatoris.org\/ca\/wp-json\/wp\/v2\/pages\/10734\/revisions\/11796"}],"wp:attachment":[{"href":"https:\/\/barcelona.matersalvatoris.org\/ca\/wp-json\/wp\/v2\/media?parent=10734"}],"curies":[{"name":"wp","href":"https:\/\/api.w.org\/{rel}","templated":true}]}}